{"id":3410,"date":"2020-09-11T17:52:39","date_gmt":"2020-09-11T15:52:39","guid":{"rendered":"https:\/\/www.dtr-teppichreinigung.de\/performans\/"},"modified":"2026-04-08T19:33:04","modified_gmt":"2026-04-08T17:33:04","slug":"performans","status":"publish","type":"page","link":"https:\/\/www.dtr-teppichreinigung.de\/tr\/performans\/","title":{"rendered":"Performans"},"content":{"rendered":"\t\t<div data-elementor-type=\"wp-page\" data-elementor-id=\"3410\" class=\"elementor elementor-3410 elementor-303\" data-elementor-post-type=\"page\">\n\t\t\t\t\t\t<section data-particle_enable=\"false\" data-particle-mobile-disabled=\"false\" class=\"elementor-section elementor-top-section elementor-element elementor-element-99cd7bd elementor-section-stretched elementor-section-boxed elementor-section-height-default elementor-section-height-default\" data-id=\"99cd7bd\" data-element_type=\"section\" data-e-type=\"section\" data-settings=\"{&quot;stretch_section&quot;:&quot;section-stretched&quot;}\">\n\t\t\t\t\t\t<div class=\"elementor-container elementor-column-gap-default\">\n\t\t\t\t\t<div class=\"elementor-column elementor-col-50 elementor-top-column elementor-element elementor-element-4f99feb\" data-id=\"4f99feb\" data-element_type=\"column\" data-e-type=\"column\">\n\t\t\t<div class=\"elementor-widget-wrap elementor-element-populated\">\n\t\t\t\t\t\t<div class=\"elementor-element elementor-element-9c56c64 elementor-widget elementor-widget-text-editor\" data-id=\"9c56c64\" data-element_type=\"widget\" data-e-type=\"widget\" data-widget_type=\"text-editor.default\">\n\t\t\t\t<div class=\"elementor-widget-container\">\n\t\t\t\t\t\t\t\t\t<p>DTR Hali yikama sirketi ve Oryantal hali yikamaciniz 24 saat boyunca is basinda.<\/p><p>\u015eirketimiz taraf\u0131ndan sunulan hizmet yelpazesi s\u0131n\u0131r tan\u0131m\u0131yor. Y\u00fcksek performans, esneklik ve kan\u0131tlanm\u0131\u015f bilgi birikimi ba\u015far\u0131m\u0131z\u0131n temelidir. <\/p><ul><li>Yerinde dan\u0131\u015fma<\/li><li>Kar\u015f\u0131lama ve teslimat hizmeti<\/li><li>5 farkl\u0131 temizleme sistemi se\u00e7ene\u011fi<\/li><li>RAL y\u00f6netmeli\u011fi 991A2\u2019ye g\u00f6re temizlik<\/li><li>Dahil olan her hal\u0131n\u0131n ayr\u0131 i\u015flenmesi<\/li><li>Leke tedavisi<\/li><li>Mat kiralama<\/li><li>Hal\u0131 acil servisi<\/li><\/ul>\t\t\t\t\t\t\t\t<\/div>\n\t\t\t\t<\/div>\n\t\t\t\t\t<\/div>\n\t\t<\/div>\n\t\t\t\t<div class=\"elementor-column elementor-col-50 elementor-top-column elementor-element elementor-element-0dbbdad\" data-id=\"0dbbdad\" data-element_type=\"column\" data-e-type=\"column\">\n\t\t\t<div class=\"elementor-widget-wrap elementor-element-populated\">\n\t\t\t\t\t\t<div class=\"elementor-element elementor-element-11b76fb elementor-widget elementor-widget-image\" data-id=\"11b76fb\" data-element_type=\"widget\" data-e-type=\"widget\" data-widget_type=\"image.default\">\n\t\t\t\t<div class=\"elementor-widget-container\">\n\t\t\t\t\t\t\t\t\t\t\t\t\t\t\t<img fetchpriority=\"high\" decoding=\"async\" width=\"400\" height=\"400\" src=\"https:\/\/www.dtr-teppichreinigung.de\/wp-content\/uploads\/2020\/08\/stange.jpg\" class=\"attachment-large size-large wp-image-3229\" alt=\"Waschen &amp; Trocknen hochwertiger Teppiche nach der Nassreinigung im Fachbetrieb in Dresden\" srcset=\"https:\/\/www.dtr-teppichreinigung.de\/wp-content\/uploads\/2020\/08\/stange.jpg 400w, https:\/\/www.dtr-teppichreinigung.de\/wp-content\/uploads\/2020\/08\/stange-300x300.jpg 300w, https:\/\/www.dtr-teppichreinigung.de\/wp-content\/uploads\/2020\/08\/stange-150x150.jpg 150w\" sizes=\"(max-width: 400px) 100vw, 400px\" \/>\t\t\t\t\t\t\t\t\t\t\t\t\t\t\t<\/div>\n\t\t\t\t<\/div>\n\t\t\t\t<div class=\"elementor-element elementor-element-ba2eab9 elementor-widget elementor-widget-template\" data-id=\"ba2eab9\" data-element_type=\"widget\" data-e-type=\"widget\" data-widget_type=\"template.default\">\n\t\t\t\t<div class=\"elementor-widget-container\">\n\t\t\t\t\t\t\t<div class=\"elementor-template\">\n\t\t\t\t\t<div data-elementor-type=\"section\" data-elementor-id=\"9072\" class=\"elementor elementor-9072 elementor-9055 elementor-9055\" data-elementor-post-type=\"elementor_library\">\n\t\t\t\t\t<section data-particle_enable=\"false\" data-particle-mobile-disabled=\"false\" class=\"elementor-section elementor-top-section elementor-element elementor-element-477ffa02 elementor-section-boxed elementor-section-height-default elementor-section-height-default\" data-id=\"477ffa02\" data-element_type=\"section\" data-e-type=\"section\">\n\t\t\t\t\t\t<div class=\"elementor-container elementor-column-gap-default\">\n\t\t\t<a class=\"eael-wrapper-link-3119850b --eael-wrapper-link-tag\" href=\"https:\/\/www.dtr-teppichreinigung.de\/bestellung\/\"><\/a>\t\t<div data-eael-wrapper-link=\"eael-wrapper-link-3119850b\" class=\"elementor-column elementor-col-100 elementor-top-column elementor-element elementor-element-3119850b bild-hover-button\" data-id=\"3119850b\" data-element_type=\"column\" data-e-type=\"column\">\n\t\t\t<div class=\"elementor-widget-wrap elementor-element-populated\">\n\t\t\t\t\t\t<div class=\"elementor-element elementor-element-4cf5d2f1 bild-normal elementor-widget elementor-widget-image\" data-id=\"4cf5d2f1\" data-element_type=\"widget\" data-e-type=\"widget\" data-widget_type=\"image.default\">\n\t\t\t\t<div class=\"elementor-widget-container\">\n\t\t\t\t\t\t\t\t\t\t\t\t\t\t\t<img decoding=\"async\" width=\"758\" height=\"356\" src=\"https:\/\/www.dtr-teppichreinigung.de\/wp-content\/uploads\/2022\/12\/JETZTonline-Button_passiv_tr.png\" class=\"attachment-large size-large wp-image-3384\" alt=\"\" srcset=\"https:\/\/www.dtr-teppichreinigung.de\/wp-content\/uploads\/2022\/12\/JETZTonline-Button_passiv_tr.png 758w, https:\/\/www.dtr-teppichreinigung.de\/wp-content\/uploads\/2022\/12\/JETZTonline-Button_passiv_tr-300x141.png 300w\" sizes=\"(max-width: 758px) 100vw, 758px\" \/>\t\t\t\t\t\t\t\t\t\t\t\t\t\t\t<\/div>\n\t\t\t\t<\/div>\n\t\t\t\t<div class=\"elementor-element elementor-element-15cbd13f bild-hover elementor-widget elementor-widget-image\" data-id=\"15cbd13f\" data-element_type=\"widget\" data-e-type=\"widget\" data-widget_type=\"image.default\">\n\t\t\t\t<div class=\"elementor-widget-container\">\n\t\t\t\t\t\t\t\t\t\t\t\t\t\t\t<img decoding=\"async\" width=\"758\" height=\"356\" src=\"https:\/\/www.dtr-teppichreinigung.de\/wp-content\/uploads\/2022\/12\/JETZTonline-Button_aktiv_tr.png\" class=\"attachment-large size-large wp-image-3383\" alt=\"\" srcset=\"https:\/\/www.dtr-teppichreinigung.de\/wp-content\/uploads\/2022\/12\/JETZTonline-Button_aktiv_tr.png 758w, https:\/\/www.dtr-teppichreinigung.de\/wp-content\/uploads\/2022\/12\/JETZTonline-Button_aktiv_tr-300x141.png 300w\" sizes=\"(max-width: 758px) 100vw, 758px\" \/>\t\t\t\t\t\t\t\t\t\t\t\t\t\t\t<\/div>\n\t\t\t\t<\/div>\n\t\t\t\t\t<\/div>\n\t\t<\/div>\n\t\t\t\t\t<\/div>\n\t\t<\/section>\n\t\t\t\t<\/div>\n\t\t\t\t<\/div>\n\t\t\t\t\t\t<\/div>\n\t\t\t\t<\/div>\n\t\t\t\t\t<\/div>\n\t\t<\/div>\n\t\t\t\t\t<\/div>\n\t\t<\/section>\n\t\t\t\t<\/div>\n\t\t","protected":false},"excerpt":{"rendered":"<p>DTR Hali yikama sirketi ve Oryantal hali yikamaciniz 24 saat boyunca is basinda. \u015eirketimiz taraf\u0131ndan sunulan hizmet yelpazesi s\u0131n\u0131r tan\u0131m\u0131yor. Y\u00fcksek performans, esneklik ve kan\u0131tlanm\u0131\u015f bilgi birikimi ba\u015far\u0131m\u0131z\u0131n temelidir. Yerinde dan\u0131\u015fma Kar\u015f\u0131lama ve teslimat hizmeti 5 farkl\u0131 temizleme sistemi se\u00e7ene\u011fi RAL y\u00f6netmeli\u011fi 991A2\u2019ye g\u00f6re temizlik Dahil olan her hal\u0131n\u0131n ayr\u0131 i\u015flenmesi Leke tedavisi Mat kiralama [&hellip;]<\/p>\n","protected":false},"author":1,"featured_media":0,"parent":0,"menu_order":0,"comment_status":"closed","ping_status":"closed","template":"","meta":{"footnotes":""},"class_list":["post-3410","page","type-page","status-publish","hentry"],"yoast_head":"<!-- This site is optimized with the Yoast SEO plugin v27.3 - https:\/\/yoast.com\/product\/yoast-seo-wordpress\/ -->\n<title>Hal\u0131 y\u0131kama ve tekstil temizleme Dresden | DTR<\/title>\n<meta name=\"description\" content=\"Toplama hizmeti ve teslimat hizmeti, 5 farkl\u0131 temizleme sistemi, RAL y\u00f6netmeli\u011fi 991A2&#039;ye g\u00f6re temizleme, bireysel i\u015fleme, leke i\u015fleme ve acil hal\u0131 servisi!\" \/>\n<meta name=\"robots\" content=\"index, follow, max-snippet:-1, max-image-preview:large, max-video-preview:-1\" \/>\n<link rel=\"canonical\" href=\"https:\/\/www.dtr-teppichreinigung.de\/tr\/performans\/\" \/>\n<meta property=\"og:locale\" content=\"tr_TR\" \/>\n<meta property=\"og:type\" content=\"article\" \/>\n<meta property=\"og:title\" content=\"Hal\u0131 y\u0131kama ve tekstil temizleme Dresden | DTR\" \/>\n<meta property=\"og:description\" content=\"Toplama hizmeti ve teslimat hizmeti, 5 farkl\u0131 temizleme sistemi, RAL y\u00f6netmeli\u011fi 991A2&#039;ye g\u00f6re temizleme, bireysel i\u015fleme, leke i\u015fleme ve acil hal\u0131 servisi!\" \/>\n<meta property=\"og:url\" content=\"https:\/\/www.dtr-teppichreinigung.de\/tr\/performans\/\" \/>\n<meta property=\"og:site_name\" content=\"DTR Teppichreinigung\" \/>\n<meta property=\"article:publisher\" content=\"https:\/\/www.facebook.com\/p\/DTR-Teppichreinigung-100041167579145\/\" \/>\n<meta property=\"article:modified_time\" content=\"2026-04-08T17:33:04+00:00\" \/>\n<meta property=\"og:image\" content=\"https:\/\/www.dtr-teppichreinigung.de\/wp-content\/uploads\/2020\/08\/stange.jpg\" \/>\n\t<meta property=\"og:image:width\" content=\"400\" \/>\n\t<meta property=\"og:image:height\" content=\"400\" \/>\n\t<meta property=\"og:image:type\" content=\"image\/jpeg\" \/>\n<meta name=\"twitter:card\" content=\"summary_large_image\" \/>\n<meta name=\"twitter:label1\" content=\"Tahmini okuma s\u00fcresi\" \/>\n\t<meta name=\"twitter:data1\" content=\"1 dakika\" \/>\n<script type=\"application\/ld+json\" class=\"yoast-schema-graph\">{\"@context\":\"https:\\\/\\\/schema.org\",\"@graph\":[{\"@type\":\"WebPage\",\"@id\":\"https:\\\/\\\/www.dtr-teppichreinigung.de\\\/tr\\\/performans\\\/\",\"url\":\"https:\\\/\\\/www.dtr-teppichreinigung.de\\\/tr\\\/performans\\\/\",\"name\":\"Hal\u0131 y\u0131kama ve tekstil temizleme Dresden | DTR\",\"isPartOf\":{\"@id\":\"https:\\\/\\\/www.dtr-teppichreinigung.de\\\/tr\\\/#website\"},\"primaryImageOfPage\":{\"@id\":\"https:\\\/\\\/www.dtr-teppichreinigung.de\\\/tr\\\/performans\\\/#primaryimage\"},\"image\":{\"@id\":\"https:\\\/\\\/www.dtr-teppichreinigung.de\\\/tr\\\/performans\\\/#primaryimage\"},\"thumbnailUrl\":\"https:\\\/\\\/www.dtr-teppichreinigung.de\\\/wp-content\\\/uploads\\\/2020\\\/08\\\/stange.jpg\",\"datePublished\":\"2020-09-11T15:52:39+00:00\",\"dateModified\":\"2026-04-08T17:33:04+00:00\",\"description\":\"Toplama hizmeti ve teslimat hizmeti, 5 farkl\u0131 temizleme sistemi, RAL y\u00f6netmeli\u011fi 991A2'ye g\u00f6re temizleme, bireysel i\u015fleme, leke i\u015fleme ve acil hal\u0131 servisi!\",\"breadcrumb\":{\"@id\":\"https:\\\/\\\/www.dtr-teppichreinigung.de\\\/tr\\\/performans\\\/#breadcrumb\"},\"inLanguage\":\"tr\",\"potentialAction\":[{\"@type\":\"ReadAction\",\"target\":[\"https:\\\/\\\/www.dtr-teppichreinigung.de\\\/tr\\\/performans\\\/\"]}]},{\"@type\":\"ImageObject\",\"inLanguage\":\"tr\",\"@id\":\"https:\\\/\\\/www.dtr-teppichreinigung.de\\\/tr\\\/performans\\\/#primaryimage\",\"url\":\"https:\\\/\\\/www.dtr-teppichreinigung.de\\\/wp-content\\\/uploads\\\/2020\\\/08\\\/stange.jpg\",\"contentUrl\":\"https:\\\/\\\/www.dtr-teppichreinigung.de\\\/wp-content\\\/uploads\\\/2020\\\/08\\\/stange.jpg\"},{\"@type\":\"BreadcrumbList\",\"@id\":\"https:\\\/\\\/www.dtr-teppichreinigung.de\\\/tr\\\/performans\\\/#breadcrumb\",\"itemListElement\":[{\"@type\":\"ListItem\",\"position\":1,\"name\":\"Startseite\",\"item\":\"https:\\\/\\\/www.dtr-teppichreinigung.de\\\/tr\\\/halilariniz-ve-oryantal-halilariniz-icin-profesyonel-hali-yikamaciniz\\\/\"},{\"@type\":\"ListItem\",\"position\":2,\"name\":\"Performans\"}]},{\"@type\":\"WebSite\",\"@id\":\"https:\\\/\\\/www.dtr-teppichreinigung.de\\\/tr\\\/#website\",\"url\":\"https:\\\/\\\/www.dtr-teppichreinigung.de\\\/tr\\\/\",\"name\":\"DTR Teppichreinigung\",\"description\":\"\",\"publisher\":{\"@id\":\"https:\\\/\\\/www.dtr-teppichreinigung.de\\\/tr\\\/#organization\"},\"alternateName\":\"DTR - Teppichreinigung\",\"potentialAction\":[{\"@type\":\"SearchAction\",\"target\":{\"@type\":\"EntryPoint\",\"urlTemplate\":\"https:\\\/\\\/www.dtr-teppichreinigung.de\\\/tr\\\/?s={search_term_string}\"},\"query-input\":{\"@type\":\"PropertyValueSpecification\",\"valueRequired\":true,\"valueName\":\"search_term_string\"}}],\"inLanguage\":\"tr\"},{\"@type\":\"Organization\",\"@id\":\"https:\\\/\\\/www.dtr-teppichreinigung.de\\\/tr\\\/#organization\",\"name\":\"DTR Teppichreinigung\",\"alternateName\":\"DTR Teppichreinigung\",\"url\":\"https:\\\/\\\/www.dtr-teppichreinigung.de\\\/tr\\\/\",\"logo\":{\"@type\":\"ImageObject\",\"inLanguage\":\"tr\",\"@id\":\"https:\\\/\\\/www.dtr-teppichreinigung.de\\\/tr\\\/#\\\/schema\\\/logo\\\/image\\\/\",\"url\":\"https:\\\/\\\/www.dtr-teppichreinigung.de\\\/wp-content\\\/uploads\\\/2025\\\/06\\\/dtr-teppichreinigung.jpg\",\"contentUrl\":\"https:\\\/\\\/www.dtr-teppichreinigung.de\\\/wp-content\\\/uploads\\\/2025\\\/06\\\/dtr-teppichreinigung.jpg\",\"width\":358,\"height\":358,\"caption\":\"DTR Teppichreinigung\"},\"image\":{\"@id\":\"https:\\\/\\\/www.dtr-teppichreinigung.de\\\/tr\\\/#\\\/schema\\\/logo\\\/image\\\/\"},\"sameAs\":[\"https:\\\/\\\/www.facebook.com\\\/p\\\/DTR-Teppichreinigung-100041167579145\\\/\",\"https:\\\/\\\/www.instagram.com\\\/nilsmoellerdtr\\\/\",\"https:\\\/\\\/de.pinterest.com\\\/dtrteppichreinigung\\\/\"]}]}<\/script>\n<!-- \/ Yoast SEO plugin. -->","yoast_head_json":{"title":"Hal\u0131 y\u0131kama ve tekstil temizleme Dresden | DTR","description":"Toplama hizmeti ve teslimat hizmeti, 5 farkl\u0131 temizleme sistemi, RAL y\u00f6netmeli\u011fi 991A2'ye g\u00f6re temizleme, bireysel i\u015fleme, leke i\u015fleme ve acil hal\u0131 servisi!","robots":{"index":"index","follow":"follow","max-snippet":"max-snippet:-1","max-image-preview":"max-image-preview:large","max-video-preview":"max-video-preview:-1"},"canonical":"https:\/\/www.dtr-teppichreinigung.de\/tr\/performans\/","og_locale":"tr_TR","og_type":"article","og_title":"Hal\u0131 y\u0131kama ve tekstil temizleme Dresden | DTR","og_description":"Toplama hizmeti ve teslimat hizmeti, 5 farkl\u0131 temizleme sistemi, RAL y\u00f6netmeli\u011fi 991A2'ye g\u00f6re temizleme, bireysel i\u015fleme, leke i\u015fleme ve acil hal\u0131 servisi!","og_url":"https:\/\/www.dtr-teppichreinigung.de\/tr\/performans\/","og_site_name":"DTR Teppichreinigung","article_publisher":"https:\/\/www.facebook.com\/p\/DTR-Teppichreinigung-100041167579145\/","article_modified_time":"2026-04-08T17:33:04+00:00","og_image":[{"width":400,"height":400,"url":"https:\/\/www.dtr-teppichreinigung.de\/wp-content\/uploads\/2020\/08\/stange.jpg","type":"image\/jpeg"}],"twitter_card":"summary_large_image","twitter_misc":{"Tahmini okuma s\u00fcresi":"1 dakika"},"schema":{"@context":"https:\/\/schema.org","@graph":[{"@type":"WebPage","@id":"https:\/\/www.dtr-teppichreinigung.de\/tr\/performans\/","url":"https:\/\/www.dtr-teppichreinigung.de\/tr\/performans\/","name":"Hal\u0131 y\u0131kama ve tekstil temizleme Dresden | DTR","isPartOf":{"@id":"https:\/\/www.dtr-teppichreinigung.de\/tr\/#website"},"primaryImageOfPage":{"@id":"https:\/\/www.dtr-teppichreinigung.de\/tr\/performans\/#primaryimage"},"image":{"@id":"https:\/\/www.dtr-teppichreinigung.de\/tr\/performans\/#primaryimage"},"thumbnailUrl":"https:\/\/www.dtr-teppichreinigung.de\/wp-content\/uploads\/2020\/08\/stange.jpg","datePublished":"2020-09-11T15:52:39+00:00","dateModified":"2026-04-08T17:33:04+00:00","description":"Toplama hizmeti ve teslimat hizmeti, 5 farkl\u0131 temizleme sistemi, RAL y\u00f6netmeli\u011fi 991A2'ye g\u00f6re temizleme, bireysel i\u015fleme, leke i\u015fleme ve acil hal\u0131 servisi!","breadcrumb":{"@id":"https:\/\/www.dtr-teppichreinigung.de\/tr\/performans\/#breadcrumb"},"inLanguage":"tr","potentialAction":[{"@type":"ReadAction","target":["https:\/\/www.dtr-teppichreinigung.de\/tr\/performans\/"]}]},{"@type":"ImageObject","inLanguage":"tr","@id":"https:\/\/www.dtr-teppichreinigung.de\/tr\/performans\/#primaryimage","url":"https:\/\/www.dtr-teppichreinigung.de\/wp-content\/uploads\/2020\/08\/stange.jpg","contentUrl":"https:\/\/www.dtr-teppichreinigung.de\/wp-content\/uploads\/2020\/08\/stange.jpg"},{"@type":"BreadcrumbList","@id":"https:\/\/www.dtr-teppichreinigung.de\/tr\/performans\/#breadcrumb","itemListElement":[{"@type":"ListItem","position":1,"name":"Startseite","item":"https:\/\/www.dtr-teppichreinigung.de\/tr\/halilariniz-ve-oryantal-halilariniz-icin-profesyonel-hali-yikamaciniz\/"},{"@type":"ListItem","position":2,"name":"Performans"}]},{"@type":"WebSite","@id":"https:\/\/www.dtr-teppichreinigung.de\/tr\/#website","url":"https:\/\/www.dtr-teppichreinigung.de\/tr\/","name":"DTR Teppichreinigung","description":"","publisher":{"@id":"https:\/\/www.dtr-teppichreinigung.de\/tr\/#organization"},"alternateName":"DTR - Teppichreinigung","potentialAction":[{"@type":"SearchAction","target":{"@type":"EntryPoint","urlTemplate":"https:\/\/www.dtr-teppichreinigung.de\/tr\/?s={search_term_string}"},"query-input":{"@type":"PropertyValueSpecification","valueRequired":true,"valueName":"search_term_string"}}],"inLanguage":"tr"},{"@type":"Organization","@id":"https:\/\/www.dtr-teppichreinigung.de\/tr\/#organization","name":"DTR Teppichreinigung","alternateName":"DTR Teppichreinigung","url":"https:\/\/www.dtr-teppichreinigung.de\/tr\/","logo":{"@type":"ImageObject","inLanguage":"tr","@id":"https:\/\/www.dtr-teppichreinigung.de\/tr\/#\/schema\/logo\/image\/","url":"https:\/\/www.dtr-teppichreinigung.de\/wp-content\/uploads\/2025\/06\/dtr-teppichreinigung.jpg","contentUrl":"https:\/\/www.dtr-teppichreinigung.de\/wp-content\/uploads\/2025\/06\/dtr-teppichreinigung.jpg","width":358,"height":358,"caption":"DTR Teppichreinigung"},"image":{"@id":"https:\/\/www.dtr-teppichreinigung.de\/tr\/#\/schema\/logo\/image\/"},"sameAs":["https:\/\/www.facebook.com\/p\/DTR-Teppichreinigung-100041167579145\/","https:\/\/www.instagram.com\/nilsmoellerdtr\/","https:\/\/de.pinterest.com\/dtrteppichreinigung\/"]}]}},"_links":{"self":[{"href":"https:\/\/www.dtr-teppichreinigung.de\/tr\/wp-json\/wp\/v2\/pages\/3410","targetHints":{"allow":["GET"]}}],"collection":[{"href":"https:\/\/www.dtr-teppichreinigung.de\/tr\/wp-json\/wp\/v2\/pages"}],"about":[{"href":"https:\/\/www.dtr-teppichreinigung.de\/tr\/wp-json\/wp\/v2\/types\/page"}],"author":[{"embeddable":true,"href":"https:\/\/www.dtr-teppichreinigung.de\/tr\/wp-json\/wp\/v2\/users\/1"}],"replies":[{"embeddable":true,"href":"https:\/\/www.dtr-teppichreinigung.de\/tr\/wp-json\/wp\/v2\/comments?post=3410"}],"version-history":[{"count":8,"href":"https:\/\/www.dtr-teppichreinigung.de\/tr\/wp-json\/wp\/v2\/pages\/3410\/revisions"}],"predecessor-version":[{"id":9155,"href":"https:\/\/www.dtr-teppichreinigung.de\/tr\/wp-json\/wp\/v2\/pages\/3410\/revisions\/9155"}],"wp:attachment":[{"href":"https:\/\/www.dtr-teppichreinigung.de\/tr\/wp-json\/wp\/v2\/media?parent=3410"}],"curies":[{"name":"wp","href":"https:\/\/api.w.org\/{rel}","templated":true}]}}