{"id":3408,"date":"2020-09-11T18:36:17","date_gmt":"2020-09-11T16:36:17","guid":{"rendered":"https:\/\/www.dtr-teppichreinigung.de\/iletisim\/"},"modified":"2026-04-09T15:00:56","modified_gmt":"2026-04-09T13:00:56","slug":"iletisim","status":"publish","type":"page","link":"https:\/\/www.dtr-teppichreinigung.de\/tr\/iletisim\/","title":{"rendered":"\u0130leti\u015fim"},"content":{"rendered":"\t\t<div data-elementor-type=\"wp-page\" data-elementor-id=\"3408\" class=\"elementor elementor-3408 elementor-318\" data-elementor-post-type=\"page\">\n\t\t\t\t\t\t<section data-particle_enable=\"false\" data-particle-mobile-disabled=\"false\" class=\"elementor-section elementor-top-section elementor-element elementor-element-2c243da elementor-section-stretched elementor-section-boxed elementor-section-height-default elementor-section-height-default\" data-id=\"2c243da\" data-element_type=\"section\" data-e-type=\"section\" data-settings=\"{&quot;stretch_section&quot;:&quot;section-stretched&quot;}\">\n\t\t\t\t\t\t<div class=\"elementor-container elementor-column-gap-default\">\n\t\t\t\t\t<div class=\"elementor-column elementor-col-50 elementor-top-column elementor-element elementor-element-f26e912\" data-id=\"f26e912\" data-element_type=\"column\" data-e-type=\"column\">\n\t\t\t<div class=\"elementor-widget-wrap elementor-element-populated\">\n\t\t\t\t\t\t<div class=\"elementor-element elementor-element-73cbf92 elementor-widget elementor-widget-text-editor\" data-id=\"73cbf92\" data-element_type=\"widget\" data-e-type=\"widget\" data-widget_type=\"text-editor.default\">\n\t\t\t\t<div class=\"elementor-widget-container\">\n\t\t\t\t\t\t\t\t\t<p>Hizmetlerimiz ve tekliflerimiz hakk\u0131nda sorular\u0131n\u0131z varsa, talebiniz i\u00e7in a\u015fa\u011f\u0131daki formu kullanabilir veya bizi arayabilirsiniz!<\/p><p>DTR Teppichreinigung Orientteppichw\u00e4scherei sizinle m\u00fcmk\u00fcn olan en k\u0131sa s\u00fcrede ileti\u015fime ge\u00e7ecektir.<\/p>\t\t\t\t\t\t\t\t<\/div>\n\t\t\t\t<\/div>\n\t\t\t\t<div class=\"elementor-element elementor-element-99ac92b elementor-button-align-stretch elementor-widget elementor-widget-form\" data-id=\"99ac92b\" data-element_type=\"widget\" data-e-type=\"widget\" data-settings=\"{&quot;step_next_label&quot;:&quot;Next&quot;,&quot;step_previous_label&quot;:&quot;Previous&quot;,&quot;button_width&quot;:&quot;100&quot;,&quot;step_type&quot;:&quot;number_text&quot;,&quot;step_icon_shape&quot;:&quot;circle&quot;}\" data-widget_type=\"form.default\">\n\t\t\t\t<div class=\"elementor-widget-container\">\n\t\t\t\t\t\t\t<form class=\"elementor-form\" method=\"post\" id=\"order_form\" name=\"\u0130leti\u015fim\" aria-label=\"\u0130leti\u015fim\">\n\t\t\t<input type=\"hidden\" name=\"post_id\" value=\"3408\"\/>\n\t\t\t<input type=\"hidden\" name=\"form_id\" value=\"99ac92b\"\/>\n\t\t\t<input type=\"hidden\" name=\"referer_title\" value=\"\u0130leti\u015fim | DTR hal\u0131 y\u0131kama Oryantal hal\u0131 y\u0131kama Dresden \u2013 Freital\" \/>\n\n\t\t\t\t\t\t\t<input type=\"hidden\" name=\"queried_id\" value=\"3408\"\/>\n\t\t\t\n\t\t\t<div class=\"elementor-form-fields-wrapper elementor-labels-\">\n\t\t\t\t\t\t\t\t<div class=\"elementor-field-type-text elementor-field-group elementor-column elementor-field-group-name elementor-col-100 elementor-field-required\">\n\t\t\t\t\t\t\t\t\t\t\t\t<label for=\"form-field-name\" class=\"elementor-field-label elementor-screen-only\">\n\t\t\t\t\t\t\t\tisim\t\t\t\t\t\t\t<\/label>\n\t\t\t\t\t\t\t\t\t\t\t\t\t\t<input size=\"1\" type=\"text\" name=\"form_fields[name]\" id=\"form-field-name\" class=\"elementor-field elementor-size-xs  elementor-field-textual\" placeholder=\"isim\" required=\"required\">\n\t\t\t\t\t\t\t\t\t\t\t<\/div>\n\t\t\t\t\t\t\t\t<div class=\"elementor-field-type-email elementor-field-group elementor-column elementor-field-group-email elementor-col-100 elementor-field-required\">\n\t\t\t\t\t\t\t\t\t\t\t\t<label for=\"form-field-email\" class=\"elementor-field-label elementor-screen-only\">\n\t\t\t\t\t\t\t\tE-Posta\t\t\t\t\t\t\t<\/label>\n\t\t\t\t\t\t\t\t\t\t\t\t\t\t<input size=\"1\" type=\"email\" name=\"form_fields[email]\" id=\"form-field-email\" class=\"elementor-field elementor-size-xs  elementor-field-textual\" placeholder=\"E-Posta\" required=\"required\">\n\t\t\t\t\t\t\t\t\t\t\t<\/div>\n\t\t\t\t\t\t\t\t<div class=\"elementor-field-type-text\">\n\t\t\t\t\t<input size=\"1\" type=\"text\" name=\"form_fields[email_confirmation]\" id=\"form-field-email_confirmation\" class=\"elementor-field elementor-size-xs \" style=\"display:none !important;\">\t\t\t\t<\/div>\n\t\t\t\t\t\t\t\t<div class=\"elementor-field-type-text elementor-field-group elementor-column elementor-field-group-tel elementor-col-100\">\n\t\t\t\t\t\t\t\t\t\t\t\t<label for=\"form-field-tel\" class=\"elementor-field-label elementor-screen-only\">\n\t\t\t\t\t\t\t\tTelefon numarasi\t\t\t\t\t\t\t<\/label>\n\t\t\t\t\t\t\t\t\t\t\t\t\t\t<input size=\"1\" type=\"text\" name=\"form_fields[tel]\" id=\"form-field-tel\" class=\"elementor-field elementor-size-xs  elementor-field-textual\" placeholder=\"Telefon numarasi\">\n\t\t\t\t\t\t\t\t\t\t\t<\/div>\n\t\t\t\t\t\t\t\t<div class=\"elementor-field-type-text\">\n\t\t\t\t\t<input size=\"1\" type=\"text\" name=\"form_fields[fax]\" id=\"form-field-fax\" class=\"elementor-field elementor-size-xs \" style=\"display:none !important;\">\t\t\t\t<\/div>\n\t\t\t\t\t\t\t\t<div class=\"elementor-field-type-select elementor-field-group elementor-column elementor-field-group-betreff elementor-col-100\">\n\t\t\t\t\t\t\t\t\t\t\t\t<label for=\"form-field-betreff\" class=\"elementor-field-label elementor-screen-only\">\n\t\t\t\t\t\t\t\tBetreff\t\t\t\t\t\t\t<\/label>\n\t\t\t\t\t\t\t\t<div class=\"elementor-field elementor-select-wrapper remove-before \">\n\t\t\t<div class=\"select-caret-down-wrapper\">\n\t\t\t\t<i aria-hidden=\"true\" class=\"eicon-caret-down\"><\/i>\t\t\t<\/div>\n\t\t\t<select name=\"form_fields[betreff]\" id=\"form-field-betreff\" class=\"elementor-field-textual elementor-size-xs\">\n\t\t\t\t\t\t\t\t\t<option value=\"Sorunuz nedir?\">Sorunuz nedir?<\/option>\n\t\t\t\t\t\t\t\t\t<option value=\"Teklif\/ Indirim\">Teklif\/ Indirim<\/option>\n\t\t\t\t\t\t\t\t\t<option value=\"Soru\">Soru<\/option>\n\t\t\t\t\t\t\t\t\t<option value=\"\u00d6neri\">\u00d6neri<\/option>\n\t\t\t\t\t\t\t\t\t<option value=\"ileti\u015fim\">ileti\u015fim<\/option>\n\t\t\t\t\t\t\t\t\t<option value=\"Bilgi\">Bilgi<\/option>\n\t\t\t\t\t\t\t\t\t<option value=\"Diger\">Diger<\/option>\n\t\t\t\t\t\t\t<\/select>\n\t\t<\/div>\n\t\t\t\t\t\t<\/div>\n\t\t\t\t\t\t\t\t<div class=\"elementor-field-type-textarea elementor-field-group elementor-column elementor-field-group-message elementor-col-100 elementor-field-required\">\n\t\t\t\t\t\t\t\t\t\t\t\t<label for=\"form-field-message\" class=\"elementor-field-label elementor-screen-only\">\n\t\t\t\t\t\t\t\tMesaj\u0131n\t\t\t\t\t\t\t<\/label>\n\t\t\t\t\t\t<textarea class=\"elementor-field-textual elementor-field  elementor-size-xs\" name=\"form_fields[message]\" id=\"form-field-message\" rows=\"4\" placeholder=\"Mesaj\u0131n\" required=\"required\"><\/textarea>\t\t\t\t<\/div>\n\t\t\t\t\t\t\t\t<div class=\"elementor-field-type-acceptance elementor-field-group elementor-column elementor-field-group-datenschutz elementor-col-100 elementor-field-required\">\n\t\t\t\t\t\t\t\t\t\t\t\t<label for=\"form-field-datenschutz\" class=\"elementor-field-label elementor-screen-only\">\n\t\t\t\t\t\t\t\tDatenschutz\t\t\t\t\t\t\t<\/label>\n\t\t\t\t\t\t\t\t<div class=\"elementor-field-subgroup\">\n\t\t\t<span class=\"elementor-field-option\">\n\t\t\t\t<input type=\"checkbox\" name=\"form_fields[datenschutz]\" id=\"form-field-datenschutz\" class=\"elementor-field elementor-size-xs  elementor-acceptance-field\" required=\"required\">\n\t\t\t\t<label for=\"form-field-datenschutz\">Gizlilik politikasini okudum ve kabul ediyorum. Bilgilerimin ve verilerimin talebime cevap vermek icin elektronik olarak toplanip saklanacagini kabul ediyorum. info@dtr-teppichreinigung.de adresine bir e-posta g\u00f6ndererek onayinizi istediginiz zaman gelecek zaman icin iptal edebilirsiniz.<\/label>\t\t\t<\/span>\n\t\t<\/div>\n\t\t\t\t\t\t<\/div>\n\t\t\t\t\t\t\t\t<div class=\"elementor-field-type-text\">\n\t\t\t\t\t<input size=\"1\" type=\"text\" name=\"form_fields[accept]\" id=\"form-field-accept\" class=\"elementor-field elementor-size-xs \" style=\"display:none !important;\">\t\t\t\t<\/div>\n\t\t\t\t\t\t\t\t<div class=\"elementor-field-group elementor-column elementor-field-type-submit elementor-col-100 e-form__buttons\">\n\t\t\t\t\t<button class=\"elementor-button elementor-size-sm\" type=\"submit\">\n\t\t\t\t\t\t<span class=\"elementor-button-content-wrapper\">\n\t\t\t\t\t\t\t\t\t\t\t\t\t\t\t\t\t\t\t\t\t\t<span class=\"elementor-button-text\">G\u00f6ndermek<\/span>\n\t\t\t\t\t\t\t\t\t\t\t\t\t<\/span>\n\t\t\t\t\t<\/button>\n\t\t\t\t<\/div>\n\t\t\t<\/div>\n\t\t<\/form>\n\t\t\t\t\t\t<\/div>\n\t\t\t\t<\/div>\n\t\t\t\t\t<\/div>\n\t\t<\/div>\n\t\t\t\t<div class=\"elementor-column elementor-col-50 elementor-top-column elementor-element elementor-element-2eb8832\" data-id=\"2eb8832\" data-element_type=\"column\" data-e-type=\"column\">\n\t\t\t<div class=\"elementor-widget-wrap elementor-element-populated\">\n\t\t\t\t\t\t<div class=\"elementor-element elementor-element-8510b8f elementor-widget elementor-widget-image\" data-id=\"8510b8f\" data-element_type=\"widget\" data-e-type=\"widget\" data-widget_type=\"image.default\">\n\t\t\t\t<div class=\"elementor-widget-container\">\n\t\t\t\t\t\t\t\t\t\t\t\t\t\t\t<img fetchpriority=\"high\" decoding=\"async\" width=\"534\" height=\"534\" src=\"https:\/\/www.dtr-teppichreinigung.de\/wp-content\/uploads\/2020\/08\/orientteppich-dresden.jpg\" class=\"attachment-large size-large wp-image-3231\" alt=\"Reinigung von Orientteppichen &amp; Perserteppichen in Dresden durch Meisterbetrieb\" srcset=\"https:\/\/www.dtr-teppichreinigung.de\/wp-content\/uploads\/2020\/08\/orientteppich-dresden.jpg 534w, https:\/\/www.dtr-teppichreinigung.de\/wp-content\/uploads\/2020\/08\/orientteppich-dresden-300x300.jpg 300w, https:\/\/www.dtr-teppichreinigung.de\/wp-content\/uploads\/2020\/08\/orientteppich-dresden-150x150.jpg 150w\" sizes=\"(max-width: 534px) 100vw, 534px\" \/>\t\t\t\t\t\t\t\t\t\t\t\t\t\t\t<\/div>\n\t\t\t\t<\/div>\n\t\t\t\t<div class=\"elementor-element elementor-element-aa51b9c elementor-widget elementor-widget-template\" data-id=\"aa51b9c\" data-element_type=\"widget\" data-e-type=\"widget\" data-widget_type=\"template.default\">\n\t\t\t\t<div class=\"elementor-widget-container\">\n\t\t\t\t\t\t\t<div class=\"elementor-template\">\n\t\t\t\t\t<div data-elementor-type=\"section\" data-elementor-id=\"9072\" class=\"elementor elementor-9072 elementor-9055 elementor-9055\" data-elementor-post-type=\"elementor_library\">\n\t\t\t\t\t<section data-particle_enable=\"false\" data-particle-mobile-disabled=\"false\" class=\"elementor-section elementor-top-section elementor-element elementor-element-477ffa02 elementor-section-boxed elementor-section-height-default elementor-section-height-default\" data-id=\"477ffa02\" data-element_type=\"section\" data-e-type=\"section\">\n\t\t\t\t\t\t<div class=\"elementor-container elementor-column-gap-default\">\n\t\t\t<a class=\"eael-wrapper-link-3119850b --eael-wrapper-link-tag\" href=\"https:\/\/www.dtr-teppichreinigung.de\/bestellung\/\"><\/a>\t\t<div data-eael-wrapper-link=\"eael-wrapper-link-3119850b\" class=\"elementor-column elementor-col-100 elementor-top-column elementor-element elementor-element-3119850b bild-hover-button\" data-id=\"3119850b\" data-element_type=\"column\" data-e-type=\"column\">\n\t\t\t<div class=\"elementor-widget-wrap elementor-element-populated\">\n\t\t\t\t\t\t<div class=\"elementor-element elementor-element-4cf5d2f1 bild-normal elementor-widget elementor-widget-image\" data-id=\"4cf5d2f1\" data-element_type=\"widget\" data-e-type=\"widget\" data-widget_type=\"image.default\">\n\t\t\t\t<div class=\"elementor-widget-container\">\n\t\t\t\t\t\t\t\t\t\t\t\t\t\t\t<img decoding=\"async\" width=\"758\" height=\"356\" src=\"https:\/\/www.dtr-teppichreinigung.de\/wp-content\/uploads\/2022\/12\/JETZTonline-Button_passiv_tr.png\" class=\"attachment-large size-large wp-image-3384\" alt=\"\" srcset=\"https:\/\/www.dtr-teppichreinigung.de\/wp-content\/uploads\/2022\/12\/JETZTonline-Button_passiv_tr.png 758w, https:\/\/www.dtr-teppichreinigung.de\/wp-content\/uploads\/2022\/12\/JETZTonline-Button_passiv_tr-300x141.png 300w\" sizes=\"(max-width: 758px) 100vw, 758px\" \/>\t\t\t\t\t\t\t\t\t\t\t\t\t\t\t<\/div>\n\t\t\t\t<\/div>\n\t\t\t\t<div class=\"elementor-element elementor-element-15cbd13f bild-hover elementor-widget elementor-widget-image\" data-id=\"15cbd13f\" data-element_type=\"widget\" data-e-type=\"widget\" data-widget_type=\"image.default\">\n\t\t\t\t<div class=\"elementor-widget-container\">\n\t\t\t\t\t\t\t\t\t\t\t\t\t\t\t<img decoding=\"async\" width=\"758\" height=\"356\" src=\"https:\/\/www.dtr-teppichreinigung.de\/wp-content\/uploads\/2022\/12\/JETZTonline-Button_aktiv_tr.png\" class=\"attachment-large size-large wp-image-3383\" alt=\"\" srcset=\"https:\/\/www.dtr-teppichreinigung.de\/wp-content\/uploads\/2022\/12\/JETZTonline-Button_aktiv_tr.png 758w, https:\/\/www.dtr-teppichreinigung.de\/wp-content\/uploads\/2022\/12\/JETZTonline-Button_aktiv_tr-300x141.png 300w\" sizes=\"(max-width: 758px) 100vw, 758px\" \/>\t\t\t\t\t\t\t\t\t\t\t\t\t\t\t<\/div>\n\t\t\t\t<\/div>\n\t\t\t\t\t<\/div>\n\t\t<\/div>\n\t\t\t\t\t<\/div>\n\t\t<\/section>\n\t\t\t\t<\/div>\n\t\t\t\t<\/div>\n\t\t\t\t\t\t<\/div>\n\t\t\t\t<\/div>\n\t\t\t\t\t<\/div>\n\t\t<\/div>\n\t\t\t\t\t<\/div>\n\t\t<\/section>\n\t\t\t\t<\/div>\n\t\t","protected":false},"excerpt":{"rendered":"<p>Hizmetlerimiz ve tekliflerimiz hakk\u0131nda sorular\u0131n\u0131z varsa, talebiniz i\u00e7in a\u015fa\u011f\u0131daki formu kullanabilir veya bizi arayabilirsiniz! DTR Teppichreinigung Orientteppichw\u00e4scherei sizinle m\u00fcmk\u00fcn olan en k\u0131sa s\u00fcrede ileti\u015fime ge\u00e7ecektir.<\/p>\n","protected":false},"author":1,"featured_media":0,"parent":0,"menu_order":0,"comment_status":"closed","ping_status":"closed","template":"","meta":{"footnotes":""},"class_list":["post-3408","page","type-page","status-publish","hentry"],"yoast_head":"<!-- This site is optimized with the Yoast SEO plugin v27.4 - https:\/\/yoast.com\/product\/yoast-seo-wordpress\/ -->\n<title>\u0130leti\u015fim | DTR hal\u0131 y\u0131kama Oryantal hal\u0131 y\u0131kama Dresden \u2013 Freital<\/title>\n<meta name=\"description\" content=\"Dresden yak\u0131nlar\u0131ndaki Freital&#039;den DTR hal\u0131 temizleme - Hizmetlerimiz veya temizlik s\u00fcre\u00e7lerimiz hakk\u0131nda herhangi bir sorunuz varsa, l\u00fctfen bizimle ileti\u015fime ge\u00e7in.\" \/>\n<meta name=\"robots\" content=\"index, follow, max-snippet:-1, max-image-preview:large, max-video-preview:-1\" \/>\n<link rel=\"canonical\" href=\"https:\/\/www.dtr-teppichreinigung.de\/tr\/iletisim\/\" \/>\n<meta property=\"og:locale\" content=\"tr_TR\" \/>\n<meta property=\"og:type\" content=\"article\" \/>\n<meta property=\"og:title\" content=\"\u0130leti\u015fim | DTR hal\u0131 y\u0131kama Oryantal hal\u0131 y\u0131kama Dresden \u2013 Freital\" \/>\n<meta property=\"og:description\" content=\"Dresden yak\u0131nlar\u0131ndaki Freital&#039;den DTR hal\u0131 temizleme - Hizmetlerimiz veya temizlik s\u00fcre\u00e7lerimiz hakk\u0131nda herhangi bir sorunuz varsa, l\u00fctfen bizimle ileti\u015fime ge\u00e7in.\" \/>\n<meta property=\"og:url\" content=\"https:\/\/www.dtr-teppichreinigung.de\/tr\/iletisim\/\" \/>\n<meta property=\"og:site_name\" content=\"DTR Teppichreinigung\" \/>\n<meta property=\"article:publisher\" content=\"https:\/\/www.facebook.com\/p\/DTR-Teppichreinigung-100041167579145\/\" \/>\n<meta property=\"article:modified_time\" content=\"2026-04-09T13:00:56+00:00\" \/>\n<meta property=\"og:image\" content=\"https:\/\/www.dtr-teppichreinigung.de\/wp-content\/uploads\/2020\/08\/orientteppich-dresden.jpg\" \/>\n\t<meta property=\"og:image:width\" content=\"534\" \/>\n\t<meta property=\"og:image:height\" content=\"534\" \/>\n\t<meta property=\"og:image:type\" content=\"image\/jpeg\" \/>\n<meta name=\"twitter:card\" content=\"summary_large_image\" \/>\n<script type=\"application\/ld+json\" class=\"yoast-schema-graph\">{\"@context\":\"https:\\\/\\\/schema.org\",\"@graph\":[{\"@type\":\"WebPage\",\"@id\":\"https:\\\/\\\/www.dtr-teppichreinigung.de\\\/tr\\\/iletisim\\\/\",\"url\":\"https:\\\/\\\/www.dtr-teppichreinigung.de\\\/tr\\\/iletisim\\\/\",\"name\":\"\u0130leti\u015fim | DTR hal\u0131 y\u0131kama Oryantal hal\u0131 y\u0131kama Dresden \u2013 Freital\",\"isPartOf\":{\"@id\":\"https:\\\/\\\/www.dtr-teppichreinigung.de\\\/tr\\\/#website\"},\"primaryImageOfPage\":{\"@id\":\"https:\\\/\\\/www.dtr-teppichreinigung.de\\\/tr\\\/iletisim\\\/#primaryimage\"},\"image\":{\"@id\":\"https:\\\/\\\/www.dtr-teppichreinigung.de\\\/tr\\\/iletisim\\\/#primaryimage\"},\"thumbnailUrl\":\"https:\\\/\\\/www.dtr-teppichreinigung.de\\\/wp-content\\\/uploads\\\/2020\\\/08\\\/orientteppich-dresden.jpg\",\"datePublished\":\"2020-09-11T16:36:17+00:00\",\"dateModified\":\"2026-04-09T13:00:56+00:00\",\"description\":\"Dresden yak\u0131nlar\u0131ndaki Freital'den DTR hal\u0131 temizleme - Hizmetlerimiz veya temizlik s\u00fcre\u00e7lerimiz hakk\u0131nda herhangi bir sorunuz varsa, l\u00fctfen bizimle ileti\u015fime ge\u00e7in.\",\"breadcrumb\":{\"@id\":\"https:\\\/\\\/www.dtr-teppichreinigung.de\\\/tr\\\/iletisim\\\/#breadcrumb\"},\"inLanguage\":\"tr\",\"potentialAction\":[{\"@type\":\"ReadAction\",\"target\":[\"https:\\\/\\\/www.dtr-teppichreinigung.de\\\/tr\\\/iletisim\\\/\"]}]},{\"@type\":\"ImageObject\",\"inLanguage\":\"tr\",\"@id\":\"https:\\\/\\\/www.dtr-teppichreinigung.de\\\/tr\\\/iletisim\\\/#primaryimage\",\"url\":\"https:\\\/\\\/www.dtr-teppichreinigung.de\\\/wp-content\\\/uploads\\\/2020\\\/08\\\/orientteppich-dresden.jpg\",\"contentUrl\":\"https:\\\/\\\/www.dtr-teppichreinigung.de\\\/wp-content\\\/uploads\\\/2020\\\/08\\\/orientteppich-dresden.jpg\"},{\"@type\":\"BreadcrumbList\",\"@id\":\"https:\\\/\\\/www.dtr-teppichreinigung.de\\\/tr\\\/iletisim\\\/#breadcrumb\",\"itemListElement\":[{\"@type\":\"ListItem\",\"position\":1,\"name\":\"Startseite\",\"item\":\"https:\\\/\\\/www.dtr-teppichreinigung.de\\\/tr\\\/halilariniz-ve-oryantal-halilariniz-icin-profesyonel-hali-yikamaciniz\\\/\"},{\"@type\":\"ListItem\",\"position\":2,\"name\":\"\u0130leti\u015fim\"}]},{\"@type\":\"WebSite\",\"@id\":\"https:\\\/\\\/www.dtr-teppichreinigung.de\\\/tr\\\/#website\",\"url\":\"https:\\\/\\\/www.dtr-teppichreinigung.de\\\/tr\\\/\",\"name\":\"DTR Teppichreinigung\",\"description\":\"\",\"publisher\":{\"@id\":\"https:\\\/\\\/www.dtr-teppichreinigung.de\\\/tr\\\/#organization\"},\"alternateName\":\"DTR - Teppichreinigung\",\"potentialAction\":[{\"@type\":\"SearchAction\",\"target\":{\"@type\":\"EntryPoint\",\"urlTemplate\":\"https:\\\/\\\/www.dtr-teppichreinigung.de\\\/tr\\\/?s={search_term_string}\"},\"query-input\":{\"@type\":\"PropertyValueSpecification\",\"valueRequired\":true,\"valueName\":\"search_term_string\"}}],\"inLanguage\":\"tr\"},{\"@type\":\"Organization\",\"@id\":\"https:\\\/\\\/www.dtr-teppichreinigung.de\\\/tr\\\/#organization\",\"name\":\"DTR Teppichreinigung\",\"alternateName\":\"DTR Teppichreinigung\",\"url\":\"https:\\\/\\\/www.dtr-teppichreinigung.de\\\/tr\\\/\",\"logo\":{\"@type\":\"ImageObject\",\"inLanguage\":\"tr\",\"@id\":\"https:\\\/\\\/www.dtr-teppichreinigung.de\\\/tr\\\/#\\\/schema\\\/logo\\\/image\\\/\",\"url\":\"https:\\\/\\\/www.dtr-teppichreinigung.de\\\/wp-content\\\/uploads\\\/2025\\\/06\\\/dtr-teppichreinigung.jpg\",\"contentUrl\":\"https:\\\/\\\/www.dtr-teppichreinigung.de\\\/wp-content\\\/uploads\\\/2025\\\/06\\\/dtr-teppichreinigung.jpg\",\"width\":358,\"height\":358,\"caption\":\"DTR Teppichreinigung\"},\"image\":{\"@id\":\"https:\\\/\\\/www.dtr-teppichreinigung.de\\\/tr\\\/#\\\/schema\\\/logo\\\/image\\\/\"},\"sameAs\":[\"https:\\\/\\\/www.facebook.com\\\/p\\\/DTR-Teppichreinigung-100041167579145\\\/\",\"https:\\\/\\\/www.instagram.com\\\/nilsmoellerdtr\\\/\",\"https:\\\/\\\/de.pinterest.com\\\/dtrteppichreinigung\\\/\"]}]}<\/script>\n<!-- \/ Yoast SEO plugin. -->","yoast_head_json":{"title":"\u0130leti\u015fim | DTR hal\u0131 y\u0131kama Oryantal hal\u0131 y\u0131kama Dresden \u2013 Freital","description":"Dresden yak\u0131nlar\u0131ndaki Freital'den DTR hal\u0131 temizleme - Hizmetlerimiz veya temizlik s\u00fcre\u00e7lerimiz hakk\u0131nda herhangi bir sorunuz varsa, l\u00fctfen bizimle ileti\u015fime ge\u00e7in.","robots":{"index":"index","follow":"follow","max-snippet":"max-snippet:-1","max-image-preview":"max-image-preview:large","max-video-preview":"max-video-preview:-1"},"canonical":"https:\/\/www.dtr-teppichreinigung.de\/tr\/iletisim\/","og_locale":"tr_TR","og_type":"article","og_title":"\u0130leti\u015fim | DTR hal\u0131 y\u0131kama Oryantal hal\u0131 y\u0131kama Dresden \u2013 Freital","og_description":"Dresden yak\u0131nlar\u0131ndaki Freital'den DTR hal\u0131 temizleme - Hizmetlerimiz veya temizlik s\u00fcre\u00e7lerimiz hakk\u0131nda herhangi bir sorunuz varsa, l\u00fctfen bizimle ileti\u015fime ge\u00e7in.","og_url":"https:\/\/www.dtr-teppichreinigung.de\/tr\/iletisim\/","og_site_name":"DTR Teppichreinigung","article_publisher":"https:\/\/www.facebook.com\/p\/DTR-Teppichreinigung-100041167579145\/","article_modified_time":"2026-04-09T13:00:56+00:00","og_image":[{"width":534,"height":534,"url":"https:\/\/www.dtr-teppichreinigung.de\/wp-content\/uploads\/2020\/08\/orientteppich-dresden.jpg","type":"image\/jpeg"}],"twitter_card":"summary_large_image","schema":{"@context":"https:\/\/schema.org","@graph":[{"@type":"WebPage","@id":"https:\/\/www.dtr-teppichreinigung.de\/tr\/iletisim\/","url":"https:\/\/www.dtr-teppichreinigung.de\/tr\/iletisim\/","name":"\u0130leti\u015fim | DTR hal\u0131 y\u0131kama Oryantal hal\u0131 y\u0131kama Dresden \u2013 Freital","isPartOf":{"@id":"https:\/\/www.dtr-teppichreinigung.de\/tr\/#website"},"primaryImageOfPage":{"@id":"https:\/\/www.dtr-teppichreinigung.de\/tr\/iletisim\/#primaryimage"},"image":{"@id":"https:\/\/www.dtr-teppichreinigung.de\/tr\/iletisim\/#primaryimage"},"thumbnailUrl":"https:\/\/www.dtr-teppichreinigung.de\/wp-content\/uploads\/2020\/08\/orientteppich-dresden.jpg","datePublished":"2020-09-11T16:36:17+00:00","dateModified":"2026-04-09T13:00:56+00:00","description":"Dresden yak\u0131nlar\u0131ndaki Freital'den DTR hal\u0131 temizleme - Hizmetlerimiz veya temizlik s\u00fcre\u00e7lerimiz hakk\u0131nda herhangi bir sorunuz varsa, l\u00fctfen bizimle ileti\u015fime ge\u00e7in.","breadcrumb":{"@id":"https:\/\/www.dtr-teppichreinigung.de\/tr\/iletisim\/#breadcrumb"},"inLanguage":"tr","potentialAction":[{"@type":"ReadAction","target":["https:\/\/www.dtr-teppichreinigung.de\/tr\/iletisim\/"]}]},{"@type":"ImageObject","inLanguage":"tr","@id":"https:\/\/www.dtr-teppichreinigung.de\/tr\/iletisim\/#primaryimage","url":"https:\/\/www.dtr-teppichreinigung.de\/wp-content\/uploads\/2020\/08\/orientteppich-dresden.jpg","contentUrl":"https:\/\/www.dtr-teppichreinigung.de\/wp-content\/uploads\/2020\/08\/orientteppich-dresden.jpg"},{"@type":"BreadcrumbList","@id":"https:\/\/www.dtr-teppichreinigung.de\/tr\/iletisim\/#breadcrumb","itemListElement":[{"@type":"ListItem","position":1,"name":"Startseite","item":"https:\/\/www.dtr-teppichreinigung.de\/tr\/halilariniz-ve-oryantal-halilariniz-icin-profesyonel-hali-yikamaciniz\/"},{"@type":"ListItem","position":2,"name":"\u0130leti\u015fim"}]},{"@type":"WebSite","@id":"https:\/\/www.dtr-teppichreinigung.de\/tr\/#website","url":"https:\/\/www.dtr-teppichreinigung.de\/tr\/","name":"DTR Teppichreinigung","description":"","publisher":{"@id":"https:\/\/www.dtr-teppichreinigung.de\/tr\/#organization"},"alternateName":"DTR - Teppichreinigung","potentialAction":[{"@type":"SearchAction","target":{"@type":"EntryPoint","urlTemplate":"https:\/\/www.dtr-teppichreinigung.de\/tr\/?s={search_term_string}"},"query-input":{"@type":"PropertyValueSpecification","valueRequired":true,"valueName":"search_term_string"}}],"inLanguage":"tr"},{"@type":"Organization","@id":"https:\/\/www.dtr-teppichreinigung.de\/tr\/#organization","name":"DTR Teppichreinigung","alternateName":"DTR Teppichreinigung","url":"https:\/\/www.dtr-teppichreinigung.de\/tr\/","logo":{"@type":"ImageObject","inLanguage":"tr","@id":"https:\/\/www.dtr-teppichreinigung.de\/tr\/#\/schema\/logo\/image\/","url":"https:\/\/www.dtr-teppichreinigung.de\/wp-content\/uploads\/2025\/06\/dtr-teppichreinigung.jpg","contentUrl":"https:\/\/www.dtr-teppichreinigung.de\/wp-content\/uploads\/2025\/06\/dtr-teppichreinigung.jpg","width":358,"height":358,"caption":"DTR Teppichreinigung"},"image":{"@id":"https:\/\/www.dtr-teppichreinigung.de\/tr\/#\/schema\/logo\/image\/"},"sameAs":["https:\/\/www.facebook.com\/p\/DTR-Teppichreinigung-100041167579145\/","https:\/\/www.instagram.com\/nilsmoellerdtr\/","https:\/\/de.pinterest.com\/dtrteppichreinigung\/"]}]}},"_links":{"self":[{"href":"https:\/\/www.dtr-teppichreinigung.de\/tr\/wp-json\/wp\/v2\/pages\/3408","targetHints":{"allow":["GET"]}}],"collection":[{"href":"https:\/\/www.dtr-teppichreinigung.de\/tr\/wp-json\/wp\/v2\/pages"}],"about":[{"href":"https:\/\/www.dtr-teppichreinigung.de\/tr\/wp-json\/wp\/v2\/types\/page"}],"author":[{"embeddable":true,"href":"https:\/\/www.dtr-teppichreinigung.de\/tr\/wp-json\/wp\/v2\/users\/1"}],"replies":[{"embeddable":true,"href":"https:\/\/www.dtr-teppichreinigung.de\/tr\/wp-json\/wp\/v2\/comments?post=3408"}],"version-history":[{"count":13,"href":"https:\/\/www.dtr-teppichreinigung.de\/tr\/wp-json\/wp\/v2\/pages\/3408\/revisions"}],"predecessor-version":[{"id":9288,"href":"https:\/\/www.dtr-teppichreinigung.de\/tr\/wp-json\/wp\/v2\/pages\/3408\/revisions\/9288"}],"wp:attachment":[{"href":"https:\/\/www.dtr-teppichreinigung.de\/tr\/wp-json\/wp\/v2\/media?parent=3408"}],"curies":[{"name":"wp","href":"https:\/\/api.w.org\/{rel}","templated":true}]}}