{"id":3172,"date":"2020-09-11T17:26:23","date_gmt":"2020-09-11T15:26:23","guid":{"rendered":"https:\/\/www.dtr-teppichreinigung.de\/sobre-nos\/"},"modified":"2026-04-08T17:42:36","modified_gmt":"2026-04-08T15:42:36","slug":"sobre-nos","status":"publish","type":"page","link":"https:\/\/www.dtr-teppichreinigung.de\/pt-pt\/sobre-nos\/","title":{"rendered":"Sobre n\u00f3s"},"content":{"rendered":"\t\t<div data-elementor-type=\"wp-page\" data-elementor-id=\"3172\" class=\"elementor elementor-3172 elementor-288\" data-elementor-post-type=\"page\">\n\t\t\t\t\t\t<section data-particle_enable=\"false\" data-particle-mobile-disabled=\"false\" class=\"elementor-section elementor-top-section elementor-element elementor-element-9ded2c3 elementor-section-stretched elementor-section-boxed elementor-section-height-default elementor-section-height-default\" data-id=\"9ded2c3\" data-element_type=\"section\" data-e-type=\"section\" data-settings=\"{&quot;stretch_section&quot;:&quot;section-stretched&quot;}\">\n\t\t\t\t\t\t<div class=\"elementor-container elementor-column-gap-default\">\n\t\t\t\t\t<div class=\"elementor-column elementor-col-50 elementor-top-column elementor-element elementor-element-6c4d02c\" data-id=\"6c4d02c\" data-element_type=\"column\" data-e-type=\"column\">\n\t\t\t<div class=\"elementor-widget-wrap elementor-element-populated\">\n\t\t\t\t\t\t<div class=\"elementor-element elementor-element-0d8c528 elementor-widget elementor-widget-text-editor\" data-id=\"0d8c528\" data-element_type=\"widget\" data-e-type=\"widget\" data-widget_type=\"text-editor.default\">\n\t\t\t\t<div class=\"elementor-widget-container\">\n\t\t\t\t\t\t\t\t\t<p>A lavanderia de tapetes orientais DTR foi fundada em 2003 por Nils M\u00f6ller (mestre da limpeza t\u00eaxtil).<\/p><p><strong>Nossa empresa \u00e9:<\/strong><\/p><ul><li>Membro da C\u00e2mara de Artesanato de Dresden e membro do Textile Cleaning Guild na Sax\u00f4nia e em 1998 conquistou o 2\u00ba lugar no concurso nacional e o 1\u00ba lugar como vencedor estadual no concurso \u201cT\u00eaxteis de Limpeza\u201d. <\/li><li>Membro da <a href=\"https:\/\/www.dtv-deutschland.org\" target=\"_blank\" rel=\"noopener\">DTV Federal Association<\/a> e do grupo especializado em t\u00eaxteis-lar.<\/li><li>Membro do <a href=\"http:\/\/www.teppichwaescher.de\" target=\"_blank\" rel=\"noopener\">grupo de trabalho de lavadores de tapetes (ATW)<\/a> na DTV Federal Association<\/li><li>N\u00edvel 1 certificado pela <a href=\"https:\/\/www.q-deutschland.de\" target=\"_blank\" rel=\"noopener\">Service Quality Germany<\/a><\/li><\/ul><p><strong><br>Nossos fortes parceiros:<\/strong><\/p><ul><li><a href=\"https:\/\/www.ttl-ttm.de\/fachmarktfinder\">TTM Lojas especializadas em revestimentos de piso de alta qualidade<\/a><\/li><li><a href=\"https:\/\/www.polsterreinigungswelt.de\/\">Polsterreinigungswelt<\/a><\/li><li><a href=\"https:\/\/polsterreinigung-schaar.de\/\">Polsterreinigung Schaar<\/a><\/li><\/ul>\t\t\t\t\t\t\t\t<\/div>\n\t\t\t\t<\/div>\n\t\t\t\t<section data-particle_enable=\"false\" data-particle-mobile-disabled=\"false\" class=\"elementor-section elementor-inner-section elementor-element elementor-element-3049e1e elementor-section-boxed elementor-section-height-default elementor-section-height-default\" data-id=\"3049e1e\" data-element_type=\"section\" data-e-type=\"section\">\n\t\t\t\t\t\t<div class=\"elementor-container elementor-column-gap-default\">\n\t\t\t\t\t<div class=\"elementor-column elementor-col-25 elementor-inner-column elementor-element elementor-element-daefd35\" data-id=\"daefd35\" data-element_type=\"column\" data-e-type=\"column\">\n\t\t\t<div class=\"elementor-widget-wrap elementor-element-populated\">\n\t\t\t\t\t\t<div class=\"elementor-element elementor-element-ee7236f elementor-widget elementor-widget-image\" data-id=\"ee7236f\" data-element_type=\"widget\" data-e-type=\"widget\" data-widget_type=\"image.default\">\n\t\t\t\t<div class=\"elementor-widget-container\">\n\t\t\t\t\t\t\t\t\t\t\t\t\t\t\t<img fetchpriority=\"high\" decoding=\"async\" width=\"200\" height=\"284\" src=\"https:\/\/www.dtr-teppichreinigung.de\/wp-content\/uploads\/2020\/10\/logo-SQD-mitSZ_4c_1-5db65774.jpg\" class=\"attachment-large size-large wp-image-2958\" alt=\"Logo f\u00fcr die Zertifizierung ServiceQualit\u00e4t Deutschland\" \/>\t\t\t\t\t\t\t\t\t\t\t\t\t\t\t<\/div>\n\t\t\t\t<\/div>\n\t\t\t\t\t<\/div>\n\t\t<\/div>\n\t\t\t\t<div class=\"elementor-column elementor-col-25 elementor-inner-column elementor-element elementor-element-f63b28b\" data-id=\"f63b28b\" data-element_type=\"column\" data-e-type=\"column\">\n\t\t\t<div class=\"elementor-widget-wrap elementor-element-populated\">\n\t\t\t\t\t\t<div class=\"elementor-element elementor-element-72e74c1 elementor-widget elementor-widget-image\" data-id=\"72e74c1\" data-element_type=\"widget\" data-e-type=\"widget\" data-widget_type=\"image.default\">\n\t\t\t\t<div class=\"elementor-widget-container\">\n\t\t\t\t\t\t\t\t\t\t\t\t\t\t\t<img decoding=\"async\" width=\"600\" height=\"600\" src=\"https:\/\/www.dtr-teppichreinigung.de\/wp-content\/uploads\/2020\/09\/DTV_Logo.jpg\" class=\"attachment-large size-large wp-image-2954\" alt=\"Logo des Deutschen Textilreinigungsverband\" srcset=\"https:\/\/www.dtr-teppichreinigung.de\/wp-content\/uploads\/2020\/09\/DTV_Logo.jpg 600w, https:\/\/www.dtr-teppichreinigung.de\/wp-content\/uploads\/2020\/09\/DTV_Logo-300x300.jpg 300w, https:\/\/www.dtr-teppichreinigung.de\/wp-content\/uploads\/2020\/09\/DTV_Logo-150x150.jpg 150w\" sizes=\"(max-width: 600px) 100vw, 600px\" \/>\t\t\t\t\t\t\t\t\t\t\t\t\t\t\t<\/div>\n\t\t\t\t<\/div>\n\t\t\t\t\t<\/div>\n\t\t<\/div>\n\t\t\t\t<div class=\"elementor-column elementor-col-25 elementor-inner-column elementor-element elementor-element-e72e7b3\" data-id=\"e72e7b3\" data-element_type=\"column\" data-e-type=\"column\">\n\t\t\t<div class=\"elementor-widget-wrap elementor-element-populated\">\n\t\t\t\t\t\t<div class=\"elementor-element elementor-element-a6d838e elementor-widget elementor-widget-image\" data-id=\"a6d838e\" data-element_type=\"widget\" data-e-type=\"widget\" data-widget_type=\"image.default\">\n\t\t\t\t<div class=\"elementor-widget-container\">\n\t\t\t\t\t\t\t\t\t\t\t\t\t\t\t<img decoding=\"async\" width=\"300\" height=\"300\" src=\"https:\/\/www.dtr-teppichreinigung.de\/wp-content\/uploads\/2020\/09\/Teppichmaennchen-300x300.jpg\" class=\"attachment-medium size-medium wp-image-2956\" alt=\"Logo Arbeitskreis Teppichw\u00e4scher\" srcset=\"https:\/\/www.dtr-teppichreinigung.de\/wp-content\/uploads\/2020\/09\/Teppichmaennchen-300x300.jpg 300w, https:\/\/www.dtr-teppichreinigung.de\/wp-content\/uploads\/2020\/09\/Teppichmaennchen-150x150.jpg 150w, https:\/\/www.dtr-teppichreinigung.de\/wp-content\/uploads\/2020\/09\/Teppichmaennchen.jpg 600w\" sizes=\"(max-width: 300px) 100vw, 300px\" \/>\t\t\t\t\t\t\t\t\t\t\t\t\t\t\t<\/div>\n\t\t\t\t<\/div>\n\t\t\t\t<div class=\"elementor-element elementor-element-549a426 elementor-widget elementor-widget-text-editor\" data-id=\"549a426\" data-element_type=\"widget\" data-e-type=\"widget\" data-widget_type=\"text-editor.default\">\n\t\t\t\t<div class=\"elementor-widget-container\">\n\t\t\t\t\t\t\t\t\t<p>Grupo de Trabalho de Lavadores de Tapetes<\/p>\t\t\t\t\t\t\t\t<\/div>\n\t\t\t\t<\/div>\n\t\t\t\t\t<\/div>\n\t\t<\/div>\n\t\t\t\t<div class=\"elementor-column elementor-col-25 elementor-inner-column elementor-element elementor-element-45ea744\" data-id=\"45ea744\" data-element_type=\"column\" data-e-type=\"column\">\n\t\t\t<div class=\"elementor-widget-wrap elementor-element-populated\">\n\t\t\t\t\t\t<div class=\"elementor-element elementor-element-f8e126f elementor-widget elementor-widget-image\" data-id=\"f8e126f\" data-element_type=\"widget\" data-e-type=\"widget\" data-widget_type=\"image.default\">\n\t\t\t\t<div class=\"elementor-widget-container\">\n\t\t\t\t\t\t\t\t\t\t\t\t\t\t\t\t<a href=\"https:\/\/www.textilreiniger-sachsen.de\/\" target=\"_blank\">\n\t\t\t\t\t\t\t<img loading=\"lazy\" decoding=\"async\" width=\"300\" height=\"300\" src=\"https:\/\/www.dtr-teppichreinigung.de\/wp-content\/uploads\/2022\/03\/logo-textil-innung-sachsen-300x300.png\" class=\"attachment-medium size-medium wp-image-2984\" alt=\"Associa\u00e7\u00e3o dos Limpadores T\u00eaxteis da Sax\u00f3nia\" srcset=\"https:\/\/www.dtr-teppichreinigung.de\/wp-content\/uploads\/2022\/03\/logo-textil-innung-sachsen-300x300.png 300w, https:\/\/www.dtr-teppichreinigung.de\/wp-content\/uploads\/2022\/03\/logo-textil-innung-sachsen-150x150.png 150w, https:\/\/www.dtr-teppichreinigung.de\/wp-content\/uploads\/2022\/03\/logo-textil-innung-sachsen.png 525w\" sizes=\"(max-width: 300px) 100vw, 300px\" \/>\t\t\t\t\t\t\t\t<\/a>\n\t\t\t\t\t\t\t\t\t\t\t\t\t\t\t<\/div>\n\t\t\t\t<\/div>\n\t\t\t\t<div class=\"elementor-element elementor-element-4a8b3f0 elementor-widget elementor-widget-text-editor\" data-id=\"4a8b3f0\" data-element_type=\"widget\" data-e-type=\"widget\" data-widget_type=\"text-editor.default\">\n\t\t\t\t<div class=\"elementor-widget-container\">\n\t\t\t\t\t\t\t\t\t<p>Associa\u00e7\u00e3o dos Limpadores T\u00eaxteis da Sax\u00f3nia<\/p>\t\t\t\t\t\t\t\t<\/div>\n\t\t\t\t<\/div>\n\t\t\t\t\t<\/div>\n\t\t<\/div>\n\t\t\t\t\t<\/div>\n\t\t<\/section>\n\t\t\t\t\t<\/div>\n\t\t<\/div>\n\t\t\t\t<div class=\"elementor-column elementor-col-50 elementor-top-column elementor-element elementor-element-eb80c00\" data-id=\"eb80c00\" data-element_type=\"column\" data-e-type=\"column\">\n\t\t\t<div class=\"elementor-widget-wrap elementor-element-populated\">\n\t\t\t\t\t\t<div class=\"elementor-element elementor-element-46528be elementor-widget elementor-widget-template\" data-id=\"46528be\" data-element_type=\"widget\" data-e-type=\"widget\" data-widget_type=\"template.default\">\n\t\t\t\t<div class=\"elementor-widget-container\">\n\t\t\t\t\t\t\t<div class=\"elementor-template\">\n\t\t\t\t\t<div data-elementor-type=\"section\" data-elementor-id=\"9070\" class=\"elementor elementor-9070 elementor-9055 elementor-9055\" data-elementor-post-type=\"elementor_library\">\n\t\t\t\t\t<section data-particle_enable=\"false\" data-particle-mobile-disabled=\"false\" class=\"elementor-section elementor-top-section elementor-element elementor-element-477ffa02 elementor-section-boxed elementor-section-height-default elementor-section-height-default\" data-id=\"477ffa02\" data-element_type=\"section\" data-e-type=\"section\">\n\t\t\t\t\t\t<div class=\"elementor-container elementor-column-gap-default\">\n\t\t\t<a class=\"eael-wrapper-link-3119850b --eael-wrapper-link-tag\" href=\"https:\/\/www.dtr-teppichreinigung.de\/bestellung\/\"><\/a>\t\t<div data-eael-wrapper-link=\"eael-wrapper-link-3119850b\" class=\"elementor-column elementor-col-100 elementor-top-column elementor-element elementor-element-3119850b bild-hover-button\" data-id=\"3119850b\" data-element_type=\"column\" data-e-type=\"column\">\n\t\t\t<div class=\"elementor-widget-wrap elementor-element-populated\">\n\t\t\t\t\t\t<div class=\"elementor-element elementor-element-4cf5d2f1 bild-normal elementor-widget elementor-widget-image\" data-id=\"4cf5d2f1\" data-element_type=\"widget\" data-e-type=\"widget\" data-widget_type=\"image.default\">\n\t\t\t\t<div class=\"elementor-widget-container\">\n\t\t\t\t\t\t\t\t\t\t\t\t\t\t\t<img loading=\"lazy\" decoding=\"async\" width=\"758\" height=\"356\" src=\"https:\/\/www.dtr-teppichreinigung.de\/wp-content\/uploads\/2022\/12\/JETZTonline-Button_passiv_pt.png\" class=\"attachment-large size-large wp-image-3104\" alt=\"\" srcset=\"https:\/\/www.dtr-teppichreinigung.de\/wp-content\/uploads\/2022\/12\/JETZTonline-Button_passiv_pt.png 758w, https:\/\/www.dtr-teppichreinigung.de\/wp-content\/uploads\/2022\/12\/JETZTonline-Button_passiv_pt-300x141.png 300w\" sizes=\"(max-width: 758px) 100vw, 758px\" \/>\t\t\t\t\t\t\t\t\t\t\t\t\t\t\t<\/div>\n\t\t\t\t<\/div>\n\t\t\t\t<div class=\"elementor-element elementor-element-15cbd13f bild-hover elementor-widget elementor-widget-image\" data-id=\"15cbd13f\" data-element_type=\"widget\" data-e-type=\"widget\" data-widget_type=\"image.default\">\n\t\t\t\t<div class=\"elementor-widget-container\">\n\t\t\t\t\t\t\t\t\t\t\t\t\t\t\t<img loading=\"lazy\" decoding=\"async\" width=\"758\" height=\"356\" src=\"https:\/\/www.dtr-teppichreinigung.de\/wp-content\/uploads\/2022\/12\/JETZTonline-Button_aktiv_pt.png\" class=\"attachment-large size-large wp-image-3102\" alt=\"\" srcset=\"https:\/\/www.dtr-teppichreinigung.de\/wp-content\/uploads\/2022\/12\/JETZTonline-Button_aktiv_pt.png 758w, https:\/\/www.dtr-teppichreinigung.de\/wp-content\/uploads\/2022\/12\/JETZTonline-Button_aktiv_pt-300x141.png 300w\" sizes=\"(max-width: 758px) 100vw, 758px\" \/>\t\t\t\t\t\t\t\t\t\t\t\t\t\t\t<\/div>\n\t\t\t\t<\/div>\n\t\t\t\t\t<\/div>\n\t\t<\/div>\n\t\t\t\t\t<\/div>\n\t\t<\/section>\n\t\t\t\t<\/div>\n\t\t\t\t<\/div>\n\t\t\t\t\t\t<\/div>\n\t\t\t\t<\/div>\n\t\t\t\t\t<\/div>\n\t\t<\/div>\n\t\t\t\t\t<\/div>\n\t\t<\/section>\n\t\t\t\t<\/div>\n\t\t","protected":false},"excerpt":{"rendered":"<p>A lavanderia de tapetes orientais DTR foi fundada em 2003 por Nils M\u00f6ller (mestre da limpeza t\u00eaxtil). Nossa empresa \u00e9: Membro da C\u00e2mara de Artesanato de Dresden e membro do Textile Cleaning Guild na Sax\u00f4nia e em 1998 conquistou o 2\u00ba lugar no concurso nacional e o 1\u00ba lugar como vencedor estadual no concurso \u201cT\u00eaxteis [&hellip;]<\/p>\n","protected":false},"author":1,"featured_media":0,"parent":0,"menu_order":0,"comment_status":"closed","ping_status":"closed","template":"","meta":{"footnotes":""},"class_list":["post-3172","page","type-page","status-publish","hentry"],"yoast_head":"<!-- This site is optimized with the Yoast SEO plugin v27.4 - https:\/\/yoast.com\/product\/yoast-seo-wordpress\/ -->\n<title>Limpeza t\u00eaxtil profissional de Dresden | DTR<\/title>\n<meta name=\"description\" content=\"Nils M\u00f6ller conquistou o 1\u00ba e o 2\u00ba lugar nas competi\u00e7\u00f5es de lavagem a seco. Saiba mais sobre o mestre de limpeza t\u00eaxtil de Dresden-Freital aqui.\" \/>\n<meta name=\"robots\" content=\"index, follow, max-snippet:-1, max-image-preview:large, max-video-preview:-1\" \/>\n<link rel=\"canonical\" href=\"https:\/\/www.dtr-teppichreinigung.de\/pt-pt\/sobre-nos\/\" \/>\n<meta property=\"og:locale\" content=\"pt_PT\" \/>\n<meta property=\"og:type\" content=\"article\" \/>\n<meta property=\"og:title\" content=\"Limpeza t\u00eaxtil profissional de Dresden | DTR\" \/>\n<meta property=\"og:description\" content=\"Nils M\u00f6ller conquistou o 1\u00ba e o 2\u00ba lugar nas competi\u00e7\u00f5es de lavagem a seco. Saiba mais sobre o mestre de limpeza t\u00eaxtil de Dresden-Freital aqui.\" \/>\n<meta property=\"og:url\" content=\"https:\/\/www.dtr-teppichreinigung.de\/pt-pt\/sobre-nos\/\" \/>\n<meta property=\"og:site_name\" content=\"DTR Teppichreinigung\" \/>\n<meta property=\"article:publisher\" content=\"https:\/\/www.facebook.com\/p\/DTR-Teppichreinigung-100041167579145\/\" \/>\n<meta property=\"article:modified_time\" content=\"2026-04-08T15:42:36+00:00\" \/>\n<meta property=\"og:image\" content=\"https:\/\/www.dtr-teppichreinigung.de\/wp-content\/uploads\/2020\/10\/logo-SQD-mitSZ_4c_1-5db65774.jpg\" \/>\n\t<meta property=\"og:image:width\" content=\"200\" \/>\n\t<meta property=\"og:image:height\" content=\"284\" \/>\n\t<meta property=\"og:image:type\" content=\"image\/jpeg\" \/>\n<meta name=\"twitter:card\" content=\"summary_large_image\" \/>\n<meta name=\"twitter:label1\" content=\"Tempo estimado de leitura\" \/>\n\t<meta name=\"twitter:data1\" content=\"2 minutos\" \/>\n<script type=\"application\/ld+json\" class=\"yoast-schema-graph\">{\"@context\":\"https:\\\/\\\/schema.org\",\"@graph\":[{\"@type\":\"WebPage\",\"@id\":\"https:\\\/\\\/www.dtr-teppichreinigung.de\\\/pt-pt\\\/sobre-nos\\\/\",\"url\":\"https:\\\/\\\/www.dtr-teppichreinigung.de\\\/pt-pt\\\/sobre-nos\\\/\",\"name\":\"Limpeza t\u00eaxtil profissional de Dresden | DTR\",\"isPartOf\":{\"@id\":\"https:\\\/\\\/www.dtr-teppichreinigung.de\\\/pt-pt\\\/#website\"},\"primaryImageOfPage\":{\"@id\":\"https:\\\/\\\/www.dtr-teppichreinigung.de\\\/pt-pt\\\/sobre-nos\\\/#primaryimage\"},\"image\":{\"@id\":\"https:\\\/\\\/www.dtr-teppichreinigung.de\\\/pt-pt\\\/sobre-nos\\\/#primaryimage\"},\"thumbnailUrl\":\"https:\\\/\\\/www.dtr-teppichreinigung.de\\\/wp-content\\\/uploads\\\/2020\\\/10\\\/logo-SQD-mitSZ_4c_1-5db65774.jpg\",\"datePublished\":\"2020-09-11T15:26:23+00:00\",\"dateModified\":\"2026-04-08T15:42:36+00:00\",\"description\":\"Nils M\u00f6ller conquistou o 1\u00ba e o 2\u00ba lugar nas competi\u00e7\u00f5es de lavagem a seco. Saiba mais sobre o mestre de limpeza t\u00eaxtil de Dresden-Freital aqui.\",\"breadcrumb\":{\"@id\":\"https:\\\/\\\/www.dtr-teppichreinigung.de\\\/pt-pt\\\/sobre-nos\\\/#breadcrumb\"},\"inLanguage\":\"pt-PT\",\"potentialAction\":[{\"@type\":\"ReadAction\",\"target\":[\"https:\\\/\\\/www.dtr-teppichreinigung.de\\\/pt-pt\\\/sobre-nos\\\/\"]}]},{\"@type\":\"ImageObject\",\"inLanguage\":\"pt-PT\",\"@id\":\"https:\\\/\\\/www.dtr-teppichreinigung.de\\\/pt-pt\\\/sobre-nos\\\/#primaryimage\",\"url\":\"https:\\\/\\\/www.dtr-teppichreinigung.de\\\/wp-content\\\/uploads\\\/2020\\\/10\\\/logo-SQD-mitSZ_4c_1-5db65774.jpg\",\"contentUrl\":\"https:\\\/\\\/www.dtr-teppichreinigung.de\\\/wp-content\\\/uploads\\\/2020\\\/10\\\/logo-SQD-mitSZ_4c_1-5db65774.jpg\"},{\"@type\":\"BreadcrumbList\",\"@id\":\"https:\\\/\\\/www.dtr-teppichreinigung.de\\\/pt-pt\\\/sobre-nos\\\/#breadcrumb\",\"itemListElement\":[{\"@type\":\"ListItem\",\"position\":1,\"name\":\"Startseite\",\"item\":\"https:\\\/\\\/www.dtr-teppichreinigung.de\\\/pt-pt\\\/comecar\\\/\"},{\"@type\":\"ListItem\",\"position\":2,\"name\":\"Sobre n\u00f3s\"}]},{\"@type\":\"WebSite\",\"@id\":\"https:\\\/\\\/www.dtr-teppichreinigung.de\\\/pt-pt\\\/#website\",\"url\":\"https:\\\/\\\/www.dtr-teppichreinigung.de\\\/pt-pt\\\/\",\"name\":\"DTR Teppichreinigung\",\"description\":\"\",\"publisher\":{\"@id\":\"https:\\\/\\\/www.dtr-teppichreinigung.de\\\/pt-pt\\\/#organization\"},\"alternateName\":\"DTR - Teppichreinigung\",\"potentialAction\":[{\"@type\":\"SearchAction\",\"target\":{\"@type\":\"EntryPoint\",\"urlTemplate\":\"https:\\\/\\\/www.dtr-teppichreinigung.de\\\/pt-pt\\\/?s={search_term_string}\"},\"query-input\":{\"@type\":\"PropertyValueSpecification\",\"valueRequired\":true,\"valueName\":\"search_term_string\"}}],\"inLanguage\":\"pt-PT\"},{\"@type\":\"Organization\",\"@id\":\"https:\\\/\\\/www.dtr-teppichreinigung.de\\\/pt-pt\\\/#organization\",\"name\":\"DTR Teppichreinigung\",\"alternateName\":\"DTR Teppichreinigung\",\"url\":\"https:\\\/\\\/www.dtr-teppichreinigung.de\\\/pt-pt\\\/\",\"logo\":{\"@type\":\"ImageObject\",\"inLanguage\":\"pt-PT\",\"@id\":\"https:\\\/\\\/www.dtr-teppichreinigung.de\\\/pt-pt\\\/#\\\/schema\\\/logo\\\/image\\\/\",\"url\":\"https:\\\/\\\/www.dtr-teppichreinigung.de\\\/wp-content\\\/uploads\\\/2025\\\/06\\\/dtr-teppichreinigung.jpg\",\"contentUrl\":\"https:\\\/\\\/www.dtr-teppichreinigung.de\\\/wp-content\\\/uploads\\\/2025\\\/06\\\/dtr-teppichreinigung.jpg\",\"width\":358,\"height\":358,\"caption\":\"DTR Teppichreinigung\"},\"image\":{\"@id\":\"https:\\\/\\\/www.dtr-teppichreinigung.de\\\/pt-pt\\\/#\\\/schema\\\/logo\\\/image\\\/\"},\"sameAs\":[\"https:\\\/\\\/www.facebook.com\\\/p\\\/DTR-Teppichreinigung-100041167579145\\\/\",\"https:\\\/\\\/www.instagram.com\\\/nilsmoellerdtr\\\/\",\"https:\\\/\\\/de.pinterest.com\\\/dtrteppichreinigung\\\/\"]}]}<\/script>\n<!-- \/ Yoast SEO plugin. -->","yoast_head_json":{"title":"Limpeza t\u00eaxtil profissional de Dresden | DTR","description":"Nils M\u00f6ller conquistou o 1\u00ba e o 2\u00ba lugar nas competi\u00e7\u00f5es de lavagem a seco. Saiba mais sobre o mestre de limpeza t\u00eaxtil de Dresden-Freital aqui.","robots":{"index":"index","follow":"follow","max-snippet":"max-snippet:-1","max-image-preview":"max-image-preview:large","max-video-preview":"max-video-preview:-1"},"canonical":"https:\/\/www.dtr-teppichreinigung.de\/pt-pt\/sobre-nos\/","og_locale":"pt_PT","og_type":"article","og_title":"Limpeza t\u00eaxtil profissional de Dresden | DTR","og_description":"Nils M\u00f6ller conquistou o 1\u00ba e o 2\u00ba lugar nas competi\u00e7\u00f5es de lavagem a seco. Saiba mais sobre o mestre de limpeza t\u00eaxtil de Dresden-Freital aqui.","og_url":"https:\/\/www.dtr-teppichreinigung.de\/pt-pt\/sobre-nos\/","og_site_name":"DTR Teppichreinigung","article_publisher":"https:\/\/www.facebook.com\/p\/DTR-Teppichreinigung-100041167579145\/","article_modified_time":"2026-04-08T15:42:36+00:00","og_image":[{"width":200,"height":284,"url":"https:\/\/www.dtr-teppichreinigung.de\/wp-content\/uploads\/2020\/10\/logo-SQD-mitSZ_4c_1-5db65774.jpg","type":"image\/jpeg"}],"twitter_card":"summary_large_image","twitter_misc":{"Tempo estimado de leitura":"2 minutos"},"schema":{"@context":"https:\/\/schema.org","@graph":[{"@type":"WebPage","@id":"https:\/\/www.dtr-teppichreinigung.de\/pt-pt\/sobre-nos\/","url":"https:\/\/www.dtr-teppichreinigung.de\/pt-pt\/sobre-nos\/","name":"Limpeza t\u00eaxtil profissional de Dresden | DTR","isPartOf":{"@id":"https:\/\/www.dtr-teppichreinigung.de\/pt-pt\/#website"},"primaryImageOfPage":{"@id":"https:\/\/www.dtr-teppichreinigung.de\/pt-pt\/sobre-nos\/#primaryimage"},"image":{"@id":"https:\/\/www.dtr-teppichreinigung.de\/pt-pt\/sobre-nos\/#primaryimage"},"thumbnailUrl":"https:\/\/www.dtr-teppichreinigung.de\/wp-content\/uploads\/2020\/10\/logo-SQD-mitSZ_4c_1-5db65774.jpg","datePublished":"2020-09-11T15:26:23+00:00","dateModified":"2026-04-08T15:42:36+00:00","description":"Nils M\u00f6ller conquistou o 1\u00ba e o 2\u00ba lugar nas competi\u00e7\u00f5es de lavagem a seco. Saiba mais sobre o mestre de limpeza t\u00eaxtil de Dresden-Freital aqui.","breadcrumb":{"@id":"https:\/\/www.dtr-teppichreinigung.de\/pt-pt\/sobre-nos\/#breadcrumb"},"inLanguage":"pt-PT","potentialAction":[{"@type":"ReadAction","target":["https:\/\/www.dtr-teppichreinigung.de\/pt-pt\/sobre-nos\/"]}]},{"@type":"ImageObject","inLanguage":"pt-PT","@id":"https:\/\/www.dtr-teppichreinigung.de\/pt-pt\/sobre-nos\/#primaryimage","url":"https:\/\/www.dtr-teppichreinigung.de\/wp-content\/uploads\/2020\/10\/logo-SQD-mitSZ_4c_1-5db65774.jpg","contentUrl":"https:\/\/www.dtr-teppichreinigung.de\/wp-content\/uploads\/2020\/10\/logo-SQD-mitSZ_4c_1-5db65774.jpg"},{"@type":"BreadcrumbList","@id":"https:\/\/www.dtr-teppichreinigung.de\/pt-pt\/sobre-nos\/#breadcrumb","itemListElement":[{"@type":"ListItem","position":1,"name":"Startseite","item":"https:\/\/www.dtr-teppichreinigung.de\/pt-pt\/comecar\/"},{"@type":"ListItem","position":2,"name":"Sobre n\u00f3s"}]},{"@type":"WebSite","@id":"https:\/\/www.dtr-teppichreinigung.de\/pt-pt\/#website","url":"https:\/\/www.dtr-teppichreinigung.de\/pt-pt\/","name":"DTR Teppichreinigung","description":"","publisher":{"@id":"https:\/\/www.dtr-teppichreinigung.de\/pt-pt\/#organization"},"alternateName":"DTR - Teppichreinigung","potentialAction":[{"@type":"SearchAction","target":{"@type":"EntryPoint","urlTemplate":"https:\/\/www.dtr-teppichreinigung.de\/pt-pt\/?s={search_term_string}"},"query-input":{"@type":"PropertyValueSpecification","valueRequired":true,"valueName":"search_term_string"}}],"inLanguage":"pt-PT"},{"@type":"Organization","@id":"https:\/\/www.dtr-teppichreinigung.de\/pt-pt\/#organization","name":"DTR Teppichreinigung","alternateName":"DTR Teppichreinigung","url":"https:\/\/www.dtr-teppichreinigung.de\/pt-pt\/","logo":{"@type":"ImageObject","inLanguage":"pt-PT","@id":"https:\/\/www.dtr-teppichreinigung.de\/pt-pt\/#\/schema\/logo\/image\/","url":"https:\/\/www.dtr-teppichreinigung.de\/wp-content\/uploads\/2025\/06\/dtr-teppichreinigung.jpg","contentUrl":"https:\/\/www.dtr-teppichreinigung.de\/wp-content\/uploads\/2025\/06\/dtr-teppichreinigung.jpg","width":358,"height":358,"caption":"DTR Teppichreinigung"},"image":{"@id":"https:\/\/www.dtr-teppichreinigung.de\/pt-pt\/#\/schema\/logo\/image\/"},"sameAs":["https:\/\/www.facebook.com\/p\/DTR-Teppichreinigung-100041167579145\/","https:\/\/www.instagram.com\/nilsmoellerdtr\/","https:\/\/de.pinterest.com\/dtrteppichreinigung\/"]}]}},"_links":{"self":[{"href":"https:\/\/www.dtr-teppichreinigung.de\/pt-pt\/wp-json\/wp\/v2\/pages\/3172","targetHints":{"allow":["GET"]}}],"collection":[{"href":"https:\/\/www.dtr-teppichreinigung.de\/pt-pt\/wp-json\/wp\/v2\/pages"}],"about":[{"href":"https:\/\/www.dtr-teppichreinigung.de\/pt-pt\/wp-json\/wp\/v2\/types\/page"}],"author":[{"embeddable":true,"href":"https:\/\/www.dtr-teppichreinigung.de\/pt-pt\/wp-json\/wp\/v2\/users\/1"}],"replies":[{"embeddable":true,"href":"https:\/\/www.dtr-teppichreinigung.de\/pt-pt\/wp-json\/wp\/v2\/comments?post=3172"}],"version-history":[{"count":7,"href":"https:\/\/www.dtr-teppichreinigung.de\/pt-pt\/wp-json\/wp\/v2\/pages\/3172\/revisions"}],"predecessor-version":[{"id":9080,"href":"https:\/\/www.dtr-teppichreinigung.de\/pt-pt\/wp-json\/wp\/v2\/pages\/3172\/revisions\/9080"}],"wp:attachment":[{"href":"https:\/\/www.dtr-teppichreinigung.de\/pt-pt\/wp-json\/wp\/v2\/media?parent=3172"}],"curies":[{"name":"wp","href":"https:\/\/api.w.org\/{rel}","templated":true}]}}