{"id":2802,"date":"2020-10-07T19:24:21","date_gmt":"2020-10-07T17:24:21","guid":{"rendered":"https:\/\/www.dtr-teppichreinigung.de\/witam-za-pomoca-kilku-klikniec-do-czystego-dywanu\/"},"modified":"2026-04-09T12:21:35","modified_gmt":"2026-04-09T10:21:35","slug":"zamowienie","status":"publish","type":"page","link":"https:\/\/www.dtr-teppichreinigung.de\/pl\/zamowienie\/","title":{"rendered":"Witam, za pomoc\u0105 kilku klikni\u0119\u0107 do czystego dywanu"},"content":{"rendered":"\t\t<div data-elementor-type=\"wp-page\" data-elementor-id=\"2802\" class=\"elementor elementor-2802 elementor-499\" data-elementor-post-type=\"page\">\n\t\t\t\t\t\t<section data-particle_enable=\"false\" data-particle-mobile-disabled=\"false\" class=\"elementor-section elementor-top-section elementor-element elementor-element-1abc001 elementor-section-boxed elementor-section-height-default elementor-section-height-default\" data-id=\"1abc001\" data-element_type=\"section\" data-e-type=\"section\">\n\t\t\t\t\t\t<div class=\"elementor-container elementor-column-gap-default\">\n\t\t\t\t\t<div class=\"elementor-column elementor-col-100 elementor-top-column elementor-element elementor-element-1027096\" data-id=\"1027096\" data-element_type=\"column\" data-e-type=\"column\">\n\t\t\t<div class=\"elementor-widget-wrap elementor-element-populated\">\n\t\t\t\t\t\t<div class=\"elementor-element elementor-element-61158c9 elementor-button-align-stretch elementor-widget elementor-widget-form\" data-id=\"61158c9\" data-element_type=\"widget\" data-e-type=\"widget\" data-settings=\"{&quot;step_next_label&quot;:&quot;Next&quot;,&quot;step_previous_label&quot;:&quot;Previous&quot;,&quot;button_width&quot;:&quot;100&quot;,&quot;step_type&quot;:&quot;number_text&quot;,&quot;step_icon_shape&quot;:&quot;circle&quot;}\" data-widget_type=\"form.default\">\n\t\t\t\t<div class=\"elementor-widget-container\">\n\t\t\t\t\t\t\t<form class=\"elementor-form\" method=\"post\" id=\"order_form\" name=\"Abholtermin\" aria-label=\"Abholtermin\">\n\t\t\t<input type=\"hidden\" name=\"post_id\" value=\"2802\"\/>\n\t\t\t<input type=\"hidden\" name=\"form_id\" value=\"61158c9\"\/>\n\t\t\t<input type=\"hidden\" name=\"referer_title\" value=\"Zam\u00f3w czyszczenie dywan\u00f3w \u00bb formularz online\" \/>\n\n\t\t\t\t\t\t\t<input type=\"hidden\" name=\"queried_id\" value=\"2802\"\/>\n\t\t\t\n\t\t\t<div class=\"elementor-form-fields-wrapper elementor-labels-above\">\n\t\t\t\t\t\t\t\t<div class=\"elementor-field-type-html elementor-field-group elementor-column elementor-field-group-field_5d3254c elementor-col-100\">\n\t\t\t\t\t<h2>Po\u017c\u0105dana data odbioru<\/h2>\nOferujemy t\u0119 us\u0142ug\u0119 w Saksonii oraz w cz\u0119\u015bciach Saksonii-Anhalt, Turyngii i Brandenburgii.\nPo wpisaniu kodu pocztowego w zak\u0142adce \u201emo\u017cliwe um\u00f3wione spotkania\u201d jest wyb\u00f3r. Je\u015bli nie ma tam um\u00f3wionego spotkania, prosimy o um\u00f3wienie si\u0119 na wizyt\u0119 telefonicznie pod numerem 0351 \/ 649 40 40 lub poprzez kontakt.\n<br>Dostawa odbywa si\u0119 dok\u0142adnie tydzie\u0144 p\u00f3\u017aniej w tym samym dniu.\t\t\t\t<\/div>\n\t\t\t\t\t\t\t\t<div class=\"elementor-field-type-html elementor-field-group elementor-column elementor-field-group-field_08f8ce9 elementor-col-100\">\n\t\t\t\t\t<span id=\"urlaub\"><span>\t\t\t\t<\/div>\n\t\t\t\t\t\t\t\t<div class=\"elementor-field-type-text elementor-field-group elementor-column elementor-field-group-zip elementor-col-25 elementor-field-required\">\n\t\t\t\t\t\t\t\t\t\t\t\t<label for=\"form-field-zip\" class=\"elementor-field-label\">\n\t\t\t\t\t\t\t\tkod pocztowy\t\t\t\t\t\t\t<\/label>\n\t\t\t\t\t\t\t\t\t\t\t\t\t\t<input size=\"1\" type=\"text\" name=\"form_fields[zip]\" id=\"form-field-zip\" class=\"elementor-field elementor-size-sm  elementor-field-textual\" placeholder=\"kod pocztowy\" required=\"required\">\n\t\t\t\t\t\t\t\t\t\t\t<\/div>\n\t\t\t\t\t\t\t\t<div class=\"elementor-field-type-select elementor-field-group elementor-column elementor-field-group-terminauswahl elementor-col-75 elementor-field-required\">\n\t\t\t\t\t\t\t\t\t\t\t\t<label for=\"form-field-terminauswahl\" class=\"elementor-field-label\">\n\t\t\t\t\t\t\t\tMo\u017cliwe spotkania\t\t\t\t\t\t\t<\/label>\n\t\t\t\t\t\t\t\t<div class=\"elementor-field elementor-select-wrapper remove-before \">\n\t\t\t<div class=\"select-caret-down-wrapper\">\n\t\t\t\t<i aria-hidden=\"true\" class=\"eicon-caret-down\"><\/i>\t\t\t<\/div>\n\t\t\t<select name=\"form_fields[terminauswahl]\" id=\"form-field-terminauswahl\" class=\"elementor-field-textual elementor-size-sm\" required=\"required\">\n\t\t\t\t\t\t\t\t\t<option value=\"Mo\u017cliwe spotkania\">Mo\u017cliwe spotkania<\/option>\n\t\t\t\t\t\t\t<\/select>\n\t\t<\/div>\n\t\t\t\t\t\t<\/div>\n\t\t\t\t\t\t\t\t<div class=\"elementor-field-type-html elementor-field-group elementor-column elementor-field-group-field_a39cb5c elementor-col-100\">\n\t\t\t\t\t<br><strong>Zyskaj 5% rabatu!<\/strong><br>Zle\u0107 r\u00f3wnie\u017c czyszczenie swoich poduszek, markiz, materacy i innych tekstyli\u00f3w oraz zaoszcz\u0119d\u017a 5% na ca\u0142ym rachunku. Wystarczy przekaza\u0107 kierowcy przy odbiorze dodatkowe tekstylia do czyszczenia i oszcz\u0119dza\u0107. <br><br><h2>Twoje dane<\/h2>\t\t\t\t<\/div>\n\t\t\t\t\t\t\t\t<div class=\"elementor-field-type-text elementor-field-group elementor-column elementor-field-group-name elementor-col-100 elementor-field-required\">\n\t\t\t\t\t\t\t\t\t\t\t\t<label for=\"form-field-name\" class=\"elementor-field-label\">\n\t\t\t\t\t\t\t\tImi\u0119 i nazwisko\t\t\t\t\t\t\t<\/label>\n\t\t\t\t\t\t\t\t\t\t\t\t\t\t<input size=\"1\" type=\"text\" name=\"form_fields[name]\" id=\"form-field-name\" class=\"elementor-field elementor-size-sm  elementor-field-textual\" placeholder=\"Imi\u0119 i nazwisko\" required=\"required\">\n\t\t\t\t\t\t\t\t\t\t\t<\/div>\n\t\t\t\t\t\t\t\t<div class=\"elementor-field-type-text elementor-field-group elementor-column elementor-field-group-street elementor-col-100 elementor-field-required\">\n\t\t\t\t\t\t\t\t\t\t\t\t<label for=\"form-field-street\" class=\"elementor-field-label\">\n\t\t\t\t\t\t\t\tUlica i numer\t\t\t\t\t\t\t<\/label>\n\t\t\t\t\t\t\t\t\t\t\t\t\t\t<input size=\"1\" type=\"text\" name=\"form_fields[street]\" id=\"form-field-street\" class=\"elementor-field elementor-size-sm  elementor-field-textual\" placeholder=\"Ulica i numer\" required=\"required\">\n\t\t\t\t\t\t\t\t\t\t\t<\/div>\n\t\t\t\t\t\t\t\t<div class=\"elementor-field-type-text elementor-field-group elementor-column elementor-field-group-city elementor-col-100 elementor-field-required\">\n\t\t\t\t\t\t\t\t\t\t\t\t<label for=\"form-field-city\" class=\"elementor-field-label\">\n\t\t\t\t\t\t\t\tLokalizacja\t\t\t\t\t\t\t<\/label>\n\t\t\t\t\t\t\t\t\t\t\t\t\t\t<input size=\"1\" type=\"text\" name=\"form_fields[city]\" id=\"form-field-city\" class=\"elementor-field elementor-size-sm  elementor-field-textual\" placeholder=\"Lokalizacja\" required=\"required\">\n\t\t\t\t\t\t\t\t\t\t\t<\/div>\n\t\t\t\t\t\t\t\t<div class=\"elementor-field-type-text elementor-field-group elementor-column elementor-field-group-tel elementor-col-50 elementor-field-required\">\n\t\t\t\t\t\t\t\t\t\t\t\t<label for=\"form-field-tel\" class=\"elementor-field-label\">\n\t\t\t\t\t\t\t\tTelefon\t\t\t\t\t\t\t<\/label>\n\t\t\t\t\t\t\t\t\t\t\t\t\t\t<input size=\"1\" type=\"text\" name=\"form_fields[tel]\" id=\"form-field-tel\" class=\"elementor-field elementor-size-sm  elementor-field-textual\" placeholder=\"Telefon\" required=\"required\">\n\t\t\t\t\t\t\t\t\t\t\t<\/div>\n\t\t\t\t\t\t\t\t<div class=\"elementor-field-type-text elementor-field-group elementor-column elementor-field-group-call elementor-col-50\">\n\t\t\t\t\t\t\t\t\t\t\t\t<label for=\"form-field-call\" class=\"elementor-field-label\">\n\t\t\t\t\t\t\t\tTwoje \u017cyczenia przy odbiorze\t\t\t\t\t\t\t<\/label>\n\t\t\t\t\t\t\t\t\t\t\t\t\t\t<input size=\"1\" type=\"text\" name=\"form_fields[call]\" id=\"form-field-call\" class=\"elementor-field elementor-size-sm  elementor-field-textual\" placeholder=\"Twoje \u017cyczenia przy odbiorze\">\n\t\t\t\t\t\t\t\t\t\t\t<\/div>\n\t\t\t\t\t\t\t\t<div class=\"elementor-field-type-email elementor-field-group elementor-column elementor-field-group-email elementor-col-100 elementor-field-required\">\n\t\t\t\t\t\t\t\t\t\t\t\t<label for=\"form-field-email\" class=\"elementor-field-label\">\n\t\t\t\t\t\t\t\te-mail\t\t\t\t\t\t\t<\/label>\n\t\t\t\t\t\t\t\t\t\t\t\t\t\t<input size=\"1\" type=\"email\" name=\"form_fields[email]\" id=\"form-field-email\" class=\"elementor-field elementor-size-sm  elementor-field-textual\" placeholder=\"e-mail\" required=\"required\">\n\t\t\t\t\t\t\t\t\t\t\t<\/div>\n\t\t\t\t\t\t\t\t<div class=\"elementor-field-type-text elementor-field-group elementor-column elementor-field-group-company elementor-col-100\">\n\t\t\t\t\t\t\t\t\t\t\t\t<label for=\"form-field-company\" class=\"elementor-field-label\">\n\t\t\t\t\t\t\t\tMo\u017cemy r\u00f3wnie\u017c odebra\u0107 Tw\u00f3j dywan z miejsca pracy\t\t\t\t\t\t\t<\/label>\n\t\t\t\t\t\t\t\t\t\t\t\t\t\t<input size=\"1\" type=\"text\" name=\"form_fields[company]\" id=\"form-field-company\" class=\"elementor-field elementor-size-sm  elementor-field-textual\" placeholder=\"firma\">\n\t\t\t\t\t\t\t\t\t\t\t<\/div>\n\t\t\t\t\t\t\t\t<div class=\"elementor-field-type-acceptance elementor-field-group elementor-column elementor-field-group-datenschutz elementor-col-100 elementor-field-required\">\n\t\t\t\t\t\t\t<div class=\"elementor-field-subgroup\">\n\t\t\t<span class=\"elementor-field-option\">\n\t\t\t\t<input type=\"checkbox\" name=\"form_fields[datenschutz]\" id=\"form-field-datenschutz\" class=\"elementor-field elementor-size-sm  elementor-acceptance-field\" required=\"required\">\n\t\t\t\t<label for=\"form-field-datenschutz\">Zapozna\u0142em si\u0119 z Polityk\u0105 Prywatno\u015bci. Zapozna\u0142em si\u0119 z Polityk\u0105 Prywatno\u015bci. Wyra\u017cam zgod\u0119 na gromadzenie i przechowywanie moich danych i danych w formie elektronicznej w celu odpowiedzi na moje zapytanie. W ka\u017cdej chwili mo\u017cesz odwo\u0142a\u0107 swoj\u0105 zgod\u0119 na przysz\u0142o\u015b\u0107, wysy\u0142aj\u0105c wiadomo\u015b\u0107 e-mail na adres info@dtr-teppichreinigung.de.<\/label>\t\t\t<\/span>\n\t\t<\/div>\n\t\t\t\t\t\t<\/div>\n\t\t\t\t\t\t\t\t<div class=\"elementor-field-type-hidden elementor-field-group elementor-column elementor-field-group-rabatt_popup elementor-col-100\">\n\t\t\t\t\t\t\t\t\t\t\t\t\t<input size=\"1\" type=\"hidden\" name=\"form_fields[rabatt_popup]\" id=\"form-field-rabatt_popup\" class=\"elementor-field elementor-size-sm  elementor-field-textual\">\n\t\t\t\t\t\t\t\t\t\t\t<\/div>\n\t\t\t\t\t\t\t\t<div class=\"elementor-field-type-hidden elementor-field-group elementor-column elementor-field-group-datum elementor-col-100\">\n\t\t\t\t\t\t\t\t\t\t\t\t\t<input size=\"1\" type=\"hidden\" name=\"form_fields[datum]\" id=\"form-field-datum\" class=\"elementor-field elementor-size-sm  elementor-field-textual\">\n\t\t\t\t\t\t\t\t\t\t\t<\/div>\n\t\t\t\t\t\t\t\t<div class=\"elementor-field-type-hidden elementor-field-group elementor-column elementor-field-group-startzeit elementor-col-100\">\n\t\t\t\t\t\t\t\t\t\t\t\t\t<input size=\"1\" type=\"hidden\" name=\"form_fields[startzeit]\" id=\"form-field-startzeit\" class=\"elementor-field elementor-size-sm  elementor-field-textual\">\n\t\t\t\t\t\t\t\t\t\t\t<\/div>\n\t\t\t\t\t\t\t\t<div class=\"elementor-field-type-hidden elementor-field-group elementor-column elementor-field-group-endzeit elementor-col-100\">\n\t\t\t\t\t\t\t\t\t\t\t\t\t<input size=\"1\" type=\"hidden\" name=\"form_fields[endzeit]\" id=\"form-field-endzeit\" class=\"elementor-field elementor-size-sm  elementor-field-textual\">\n\t\t\t\t\t\t\t\t\t\t\t<\/div>\n\t\t\t\t\t\t\t\t<div class=\"elementor-field-group elementor-column elementor-field-type-submit elementor-col-100 e-form__buttons\">\n\t\t\t\t\t<button class=\"elementor-button elementor-size-sm\" type=\"submit\" id=\"button\">\n\t\t\t\t\t\t<span class=\"elementor-button-content-wrapper\">\n\t\t\t\t\t\t\t\t\t\t\t\t\t\t\t\t\t\t\t\t\t\t<span class=\"elementor-button-text\">sprz\u0105tanie zlecone<\/span>\n\t\t\t\t\t\t\t\t\t\t\t\t\t<\/span>\n\t\t\t\t\t<\/button>\n\t\t\t\t<\/div>\n\t\t\t<\/div>\n\t\t<\/form>\n\t\t\t\t\t\t<\/div>\n\t\t\t\t<\/div>\n\t\t\t\t\t<\/div>\n\t\t<\/div>\n\t\t\t\t\t<\/div>\n\t\t<\/section>\n\t\t\t\t<\/div>\n\t\t","protected":false},"excerpt":{"rendered":"","protected":false},"author":1,"featured_media":0,"parent":0,"menu_order":0,"comment_status":"closed","ping_status":"closed","template":"","meta":{"footnotes":""},"class_list":["post-2802","page","type-page","status-publish","hentry"],"yoast_head":"<!-- This site is optimized with the Yoast SEO plugin v27.4 - https:\/\/yoast.com\/product\/yoast-seo-wordpress\/ -->\n<title>Zam\u00f3w czyszczenie dywan\u00f3w \u00bb formularz online<\/title>\n<meta name=\"description\" content=\"Zle\u0107 profesjonalnemu wyczyszczeniu dywanu \u00bb Zam\u00f3w czyszczenie dywanu teraz bez komplikacji \u2705\" \/>\n<meta name=\"robots\" content=\"index, follow, max-snippet:-1, max-image-preview:large, max-video-preview:-1\" \/>\n<link rel=\"canonical\" href=\"https:\/\/www.dtr-teppichreinigung.de\/pl\/zamowienie\/\" \/>\n<meta property=\"og:locale\" content=\"pl_PL\" \/>\n<meta property=\"og:type\" content=\"article\" \/>\n<meta property=\"og:title\" content=\"Zam\u00f3w czyszczenie dywan\u00f3w \u00bb formularz online\" \/>\n<meta property=\"og:description\" content=\"Zle\u0107 profesjonalnemu wyczyszczeniu dywanu \u00bb Zam\u00f3w czyszczenie dywanu teraz bez komplikacji \u2705\" \/>\n<meta property=\"og:url\" content=\"https:\/\/www.dtr-teppichreinigung.de\/pl\/zamowienie\/\" \/>\n<meta property=\"og:site_name\" content=\"DTR Teppichreinigung\" \/>\n<meta property=\"article:publisher\" content=\"https:\/\/www.facebook.com\/p\/DTR-Teppichreinigung-100041167579145\/\" \/>\n<meta property=\"article:modified_time\" content=\"2026-04-09T10:21:35+00:00\" \/>\n<meta name=\"twitter:card\" content=\"summary_large_image\" \/>\n<script type=\"application\/ld+json\" class=\"yoast-schema-graph\">{\"@context\":\"https:\\\/\\\/schema.org\",\"@graph\":[{\"@type\":\"WebPage\",\"@id\":\"https:\\\/\\\/www.dtr-teppichreinigung.de\\\/pl\\\/zamowienie\\\/\",\"url\":\"https:\\\/\\\/www.dtr-teppichreinigung.de\\\/pl\\\/zamowienie\\\/\",\"name\":\"Zam\u00f3w czyszczenie dywan\u00f3w \u00bb formularz online\",\"isPartOf\":{\"@id\":\"https:\\\/\\\/www.dtr-teppichreinigung.de\\\/pl\\\/#website\"},\"datePublished\":\"2020-10-07T17:24:21+00:00\",\"dateModified\":\"2026-04-09T10:21:35+00:00\",\"description\":\"Zle\u0107 profesjonalnemu wyczyszczeniu dywanu \u00bb Zam\u00f3w czyszczenie dywanu teraz bez komplikacji \u2705\",\"breadcrumb\":{\"@id\":\"https:\\\/\\\/www.dtr-teppichreinigung.de\\\/pl\\\/zamowienie\\\/#breadcrumb\"},\"inLanguage\":\"pl-PL\",\"potentialAction\":[{\"@type\":\"ReadAction\",\"target\":[\"https:\\\/\\\/www.dtr-teppichreinigung.de\\\/pl\\\/zamowienie\\\/\"]}]},{\"@type\":\"BreadcrumbList\",\"@id\":\"https:\\\/\\\/www.dtr-teppichreinigung.de\\\/pl\\\/zamowienie\\\/#breadcrumb\",\"itemListElement\":[{\"@type\":\"ListItem\",\"position\":1,\"name\":\"Startseite\",\"item\":\"https:\\\/\\\/www.dtr-teppichreinigung.de\\\/pl\\\/strona\\\/\"},{\"@type\":\"ListItem\",\"position\":2,\"name\":\"Witam, za pomoc\u0105 kilku klikni\u0119\u0107 do czystego dywanu\"}]},{\"@type\":\"WebSite\",\"@id\":\"https:\\\/\\\/www.dtr-teppichreinigung.de\\\/pl\\\/#website\",\"url\":\"https:\\\/\\\/www.dtr-teppichreinigung.de\\\/pl\\\/\",\"name\":\"DTR Teppichreinigung\",\"description\":\"\",\"publisher\":{\"@id\":\"https:\\\/\\\/www.dtr-teppichreinigung.de\\\/pl\\\/#organization\"},\"alternateName\":\"DTR - Teppichreinigung\",\"potentialAction\":[{\"@type\":\"SearchAction\",\"target\":{\"@type\":\"EntryPoint\",\"urlTemplate\":\"https:\\\/\\\/www.dtr-teppichreinigung.de\\\/pl\\\/?s={search_term_string}\"},\"query-input\":{\"@type\":\"PropertyValueSpecification\",\"valueRequired\":true,\"valueName\":\"search_term_string\"}}],\"inLanguage\":\"pl-PL\"},{\"@type\":\"Organization\",\"@id\":\"https:\\\/\\\/www.dtr-teppichreinigung.de\\\/pl\\\/#organization\",\"name\":\"DTR Teppichreinigung\",\"alternateName\":\"DTR Teppichreinigung\",\"url\":\"https:\\\/\\\/www.dtr-teppichreinigung.de\\\/pl\\\/\",\"logo\":{\"@type\":\"ImageObject\",\"inLanguage\":\"pl-PL\",\"@id\":\"https:\\\/\\\/www.dtr-teppichreinigung.de\\\/pl\\\/#\\\/schema\\\/logo\\\/image\\\/\",\"url\":\"https:\\\/\\\/www.dtr-teppichreinigung.de\\\/wp-content\\\/uploads\\\/2025\\\/06\\\/dtr-teppichreinigung.jpg\",\"contentUrl\":\"https:\\\/\\\/www.dtr-teppichreinigung.de\\\/wp-content\\\/uploads\\\/2025\\\/06\\\/dtr-teppichreinigung.jpg\",\"width\":358,\"height\":358,\"caption\":\"DTR Teppichreinigung\"},\"image\":{\"@id\":\"https:\\\/\\\/www.dtr-teppichreinigung.de\\\/pl\\\/#\\\/schema\\\/logo\\\/image\\\/\"},\"sameAs\":[\"https:\\\/\\\/www.facebook.com\\\/p\\\/DTR-Teppichreinigung-100041167579145\\\/\",\"https:\\\/\\\/www.instagram.com\\\/nilsmoellerdtr\\\/\",\"https:\\\/\\\/de.pinterest.com\\\/dtrteppichreinigung\\\/\"]}]}<\/script>\n<!-- \/ Yoast SEO plugin. -->","yoast_head_json":{"title":"Zam\u00f3w czyszczenie dywan\u00f3w \u00bb formularz online","description":"Zle\u0107 profesjonalnemu wyczyszczeniu dywanu \u00bb Zam\u00f3w czyszczenie dywanu teraz bez komplikacji \u2705","robots":{"index":"index","follow":"follow","max-snippet":"max-snippet:-1","max-image-preview":"max-image-preview:large","max-video-preview":"max-video-preview:-1"},"canonical":"https:\/\/www.dtr-teppichreinigung.de\/pl\/zamowienie\/","og_locale":"pl_PL","og_type":"article","og_title":"Zam\u00f3w czyszczenie dywan\u00f3w \u00bb formularz online","og_description":"Zle\u0107 profesjonalnemu wyczyszczeniu dywanu \u00bb Zam\u00f3w czyszczenie dywanu teraz bez komplikacji \u2705","og_url":"https:\/\/www.dtr-teppichreinigung.de\/pl\/zamowienie\/","og_site_name":"DTR Teppichreinigung","article_publisher":"https:\/\/www.facebook.com\/p\/DTR-Teppichreinigung-100041167579145\/","article_modified_time":"2026-04-09T10:21:35+00:00","twitter_card":"summary_large_image","schema":{"@context":"https:\/\/schema.org","@graph":[{"@type":"WebPage","@id":"https:\/\/www.dtr-teppichreinigung.de\/pl\/zamowienie\/","url":"https:\/\/www.dtr-teppichreinigung.de\/pl\/zamowienie\/","name":"Zam\u00f3w czyszczenie dywan\u00f3w \u00bb formularz online","isPartOf":{"@id":"https:\/\/www.dtr-teppichreinigung.de\/pl\/#website"},"datePublished":"2020-10-07T17:24:21+00:00","dateModified":"2026-04-09T10:21:35+00:00","description":"Zle\u0107 profesjonalnemu wyczyszczeniu dywanu \u00bb Zam\u00f3w czyszczenie dywanu teraz bez komplikacji \u2705","breadcrumb":{"@id":"https:\/\/www.dtr-teppichreinigung.de\/pl\/zamowienie\/#breadcrumb"},"inLanguage":"pl-PL","potentialAction":[{"@type":"ReadAction","target":["https:\/\/www.dtr-teppichreinigung.de\/pl\/zamowienie\/"]}]},{"@type":"BreadcrumbList","@id":"https:\/\/www.dtr-teppichreinigung.de\/pl\/zamowienie\/#breadcrumb","itemListElement":[{"@type":"ListItem","position":1,"name":"Startseite","item":"https:\/\/www.dtr-teppichreinigung.de\/pl\/strona\/"},{"@type":"ListItem","position":2,"name":"Witam, za pomoc\u0105 kilku klikni\u0119\u0107 do czystego dywanu"}]},{"@type":"WebSite","@id":"https:\/\/www.dtr-teppichreinigung.de\/pl\/#website","url":"https:\/\/www.dtr-teppichreinigung.de\/pl\/","name":"DTR Teppichreinigung","description":"","publisher":{"@id":"https:\/\/www.dtr-teppichreinigung.de\/pl\/#organization"},"alternateName":"DTR - Teppichreinigung","potentialAction":[{"@type":"SearchAction","target":{"@type":"EntryPoint","urlTemplate":"https:\/\/www.dtr-teppichreinigung.de\/pl\/?s={search_term_string}"},"query-input":{"@type":"PropertyValueSpecification","valueRequired":true,"valueName":"search_term_string"}}],"inLanguage":"pl-PL"},{"@type":"Organization","@id":"https:\/\/www.dtr-teppichreinigung.de\/pl\/#organization","name":"DTR Teppichreinigung","alternateName":"DTR Teppichreinigung","url":"https:\/\/www.dtr-teppichreinigung.de\/pl\/","logo":{"@type":"ImageObject","inLanguage":"pl-PL","@id":"https:\/\/www.dtr-teppichreinigung.de\/pl\/#\/schema\/logo\/image\/","url":"https:\/\/www.dtr-teppichreinigung.de\/wp-content\/uploads\/2025\/06\/dtr-teppichreinigung.jpg","contentUrl":"https:\/\/www.dtr-teppichreinigung.de\/wp-content\/uploads\/2025\/06\/dtr-teppichreinigung.jpg","width":358,"height":358,"caption":"DTR Teppichreinigung"},"image":{"@id":"https:\/\/www.dtr-teppichreinigung.de\/pl\/#\/schema\/logo\/image\/"},"sameAs":["https:\/\/www.facebook.com\/p\/DTR-Teppichreinigung-100041167579145\/","https:\/\/www.instagram.com\/nilsmoellerdtr\/","https:\/\/de.pinterest.com\/dtrteppichreinigung\/"]}]}},"_links":{"self":[{"href":"https:\/\/www.dtr-teppichreinigung.de\/pl\/wp-json\/wp\/v2\/pages\/2802","targetHints":{"allow":["GET"]}}],"collection":[{"href":"https:\/\/www.dtr-teppichreinigung.de\/pl\/wp-json\/wp\/v2\/pages"}],"about":[{"href":"https:\/\/www.dtr-teppichreinigung.de\/pl\/wp-json\/wp\/v2\/types\/page"}],"author":[{"embeddable":true,"href":"https:\/\/www.dtr-teppichreinigung.de\/pl\/wp-json\/wp\/v2\/users\/1"}],"replies":[{"embeddable":true,"href":"https:\/\/www.dtr-teppichreinigung.de\/pl\/wp-json\/wp\/v2\/comments?post=2802"}],"version-history":[{"count":10,"href":"https:\/\/www.dtr-teppichreinigung.de\/pl\/wp-json\/wp\/v2\/pages\/2802\/revisions"}],"predecessor-version":[{"id":9212,"href":"https:\/\/www.dtr-teppichreinigung.de\/pl\/wp-json\/wp\/v2\/pages\/2802\/revisions\/9212"}],"wp:attachment":[{"href":"https:\/\/www.dtr-teppichreinigung.de\/pl\/wp-json\/wp\/v2\/media?parent=2802"}],"curies":[{"name":"wp","href":"https:\/\/api.w.org\/{rel}","templated":true}]}}